{"id":1608,"date":"2022-03-02T10:34:39","date_gmt":"2022-03-02T09:34:39","guid":{"rendered":"https:\/\/etre-cbd.com\/?page_id=1608"},"modified":"2022-03-02T11:16:04","modified_gmt":"2022-03-02T10:16:04","slug":"privacy-policy","status":"publish","type":"page","link":"https:\/\/etre-cbd.com\/en\/privacy-policy\/","title":{"rendered":"Mentions l\u00e9gales"},"content":{"rendered":"<p>Conform\u00e9ment aux dispositions des Articles 6-III et 19 de la Loi n\u00b02004-575 du 21 juin 2004 pour la<br>Confiance dans l\u2019\u00e9conomie num\u00e9rique, dite L.C.E.N., il est port\u00e9 \u00e0 la connaissance des Utilisateurs du<br>site www.etre.agentive.pl les pr\u00e9sentes mentions l\u00e9gales.<br>La connexion et la navigation sur le site (indiquer le nom du site) par l\u2019Utilisateur implique acceptation<br>int\u00e9grale et sans r\u00e9serve des pr\u00e9sentes mentions l\u00e9gales.<br>Ces derni\u00e8res sont accessibles sur le site \u00e0 la rubrique \u00ab Mentions l\u00e9gales \u00bb.<\/p>\n\n\n\n<p class=\"has-medium-font-size\">ARTICLE 1 : L\u2019\u00e9diteur<\/p>\n\n\n\n<p>L&rsquo;\u00e9dition du site www.etre.agentive.pl est assur\u00e9e par la Soci\u00e9t\u00e9 SAS BK DREAM, immatricul\u00e9e au RCS<br>de Paris sous le num\u00e9ro 89787978900013 dont le si\u00e8ge social est situ\u00e9 au 24 rue de T\u00e9h\u00e9ran,<br>num\u00e9ro de t\u00e9l\u00e9phone 0603781164, adresse e-mail : contact@etre-cbd.com.<br>N\u00b0 de TVA intracommunautaire : FR13897879789<\/p>\n\n\n\n<p class=\"has-medium-font-size\">ARTICLE 2 : L\u2019h\u00e9bergeur<\/p>\n\n\n\n<p>L&rsquo;h\u00e9bergeur du site www.etre.agentive.pl est la Soci\u00e9t\u00e9 OVH, dont le si\u00e8ge social est situ\u00e9 au SAS ,<br>avec le num\u00e9ro de t\u00e9l\u00e9phone : 0899 701 761.<\/p>\n\n\n\n<p class=\"has-medium-font-size\">ARTICLE 3 : Acc\u00e8s au site<\/p>\n\n\n\n<p>Le site est accessible par tout endroit, 7j\/7, 24h\/24 sauf cas de force majeure, interruption<br>programm\u00e9e ou non et pouvant d\u00e9coulant d\u2019une n\u00e9cessit\u00e9 de maintenance.<br>En cas de modification, interruption ou suspension des services le site www.etre.agentive.pl ne saurait<br>\u00eatre tenu responsable.<\/p>\n\n\n\n<p class=\"has-medium-font-size\">ARTICLE 4 : Collecte des donn\u00e9es<\/p>\n\n\n\n<p>Le site assure \u00e0 l&rsquo;Utilisateur une collecte et un traitement d&rsquo;informations personnelles dans le respect<br>de la vie priv\u00e9e conform\u00e9ment \u00e0 la loi n\u00b078-17 du 6 janvier 1978 relative \u00e0 l&rsquo;informatique, aux fichiers<br>et aux libert\u00e9s.<br>En vertu de la loi Informatique et Libert\u00e9s, en date du 6 janvier 1978, l&rsquo;Utilisateur dispose d&rsquo;un droit<br>d&rsquo;acc\u00e8s, de rectification, de suppression et d&rsquo;opposition de ses donn\u00e9es personnelles. L&rsquo;Utilisateur<br>exerce ce droit :<br>\u00b7 par mail \u00e0 l&rsquo;adresse email contact@etre-cbd.com<br>\u00b7 via un formulaire de contact ; contact@etre-cbd.com<\/p>\n\n\n\n<p class=\"has-medium-font-size\">ARTICLE 5 : Cookies<\/p>\n\n\n\n<p>L\u2019Utilisateur est inform\u00e9 que lors de ses visites sur le site, un cookie peut s\u2019installer automatiquement<br>sur son logiciel de navigation.<br>En naviguant sur le site, il les accepte.<br>Un cookie est un \u00e9l\u00e9ment qui ne permet pas d\u2019identifier l\u2019Utilisateur mais sert \u00e0 enregistrer des<br>informations relatives \u00e0 la navigation de celui-ci sur le site Internet. L\u2019Utilisateur pourra d\u00e9sactiver ce<br>cookie par l\u2019interm\u00e9diaire des param\u00e8tres figurant au sein de son logiciel de navigation.<\/p>\n\n\n\n<p class=\"has-medium-font-size\">ARTICLE 6 : Propri\u00e9t\u00e9 intellectuelle<\/p>\n\n\n\n<p>Toute utilisation, reproduction, diffusion, commercialisation, modification de toute ou partie du site<br>www.etre.agentive.pl, sans autorisation de l\u2019Editeur est prohib\u00e9e et pourra entra\u00een\u00e9e des actions et<br>poursuites judiciaires telles que notamment pr\u00e9vues par le Code de la propri\u00e9t\u00e9 intellectuelle et le<br>Code civil.<br>Pour plus d\u2019informations, se reporter aux CGV du site www.etre.agentive.pl accessible \u00e0 la rubrique\u00ab<br>CGV \u00bb<\/p>","protected":false},"excerpt":{"rendered":"<p>Conform\u00e9ment aux dispositions des Articles 6-III et 19 de la Loi n\u00b02004-575 du 21 juin 2004 pour laConfiance dans l\u2019\u00e9conomie num\u00e9rique, dite L.C.E.N., il est port\u00e9 \u00e0 la connaissance des Utilisateurs dusite www.etre.agentive.pl les pr\u00e9sentes mentions l\u00e9gales.La connexion et la navigation sur le site (indiquer le nom du site) par l\u2019Utilisateur implique acceptationint\u00e9grale et sans [&hellip;]<\/p>\n","protected":false},"author":2,"featured_media":0,"parent":0,"menu_order":0,"comment_status":"closed","ping_status":"closed","template":"","meta":{"_acf_changed":false,"footnotes":""},"class_list":["post-1608","page","type-page","status-publish","hentry"],"acf":[],"_links":{"self":[{"href":"https:\/\/etre-cbd.com\/en\/wp-json\/wp\/v2\/pages\/1608","targetHints":{"allow":["GET"]}}],"collection":[{"href":"https:\/\/etre-cbd.com\/en\/wp-json\/wp\/v2\/pages"}],"about":[{"href":"https:\/\/etre-cbd.com\/en\/wp-json\/wp\/v2\/types\/page"}],"author":[{"embeddable":true,"href":"https:\/\/etre-cbd.com\/en\/wp-json\/wp\/v2\/users\/2"}],"replies":[{"embeddable":true,"href":"https:\/\/etre-cbd.com\/en\/wp-json\/wp\/v2\/comments?post=1608"}],"version-history":[{"count":2,"href":"https:\/\/etre-cbd.com\/en\/wp-json\/wp\/v2\/pages\/1608\/revisions"}],"predecessor-version":[{"id":1610,"href":"https:\/\/etre-cbd.com\/en\/wp-json\/wp\/v2\/pages\/1608\/revisions\/1610"}],"wp:attachment":[{"href":"https:\/\/etre-cbd.com\/en\/wp-json\/wp\/v2\/media?parent=1608"}],"curies":[{"name":"wp","href":"https:\/\/api.w.org\/{rel}","templated":true}]}}