{"id":2474,"date":"2024-12-16T11:41:40","date_gmt":"2024-12-16T10:41:40","guid":{"rendered":"https:\/\/etre-cbd.com\/?page_id=2474"},"modified":"2024-12-17T12:02:40","modified_gmt":"2024-12-17T11:02:40","slug":"notre-histoire","status":"publish","type":"page","link":"https:\/\/etre-cbd.com\/en\/notre-histoire\/","title":{"rendered":"Our story"},"content":{"rendered":"<div data-elementor-type=\"wp-page\" data-elementor-id=\"2474\" class=\"elementor elementor-2474\" data-elementor-post-type=\"page\">\n\t\t\t\t<div class=\"elementor-element elementor-element-7af9e64 e-flex e-con-boxed e-con e-parent\" data-id=\"7af9e64\" data-element_type=\"container\" data-e-type=\"container\">\n\t\t\t\t\t<div class=\"e-con-inner\">\n\t\t<div class=\"elementor-element elementor-element-f430860 e-con-full e-flex e-con e-child\" data-id=\"f430860\" data-element_type=\"container\" data-e-type=\"container\">\n\t\t\t\t<div class=\"elementor-element elementor-element-576cc7a elementor-widget__width-initial elementor-widget elementor-widget-image\" data-id=\"576cc7a\" data-element_type=\"widget\" data-e-type=\"widget\" data-widget_type=\"image.default\">\n\t\t\t\t<div class=\"elementor-widget-container\">\n\t\t\t\t\t\t\t\t\t\t\t\t\t\t\t<img fetchpriority=\"high\" decoding=\"async\" width=\"607\" height=\"861\" src=\"https:\/\/etre-cbd.com\/wp-content\/uploads\/2024\/12\/notre-histoire-2.png\" class=\"attachment-large size-large wp-image-2478\" alt=\"\" srcset=\"https:\/\/etre-cbd.com\/wp-content\/uploads\/2024\/12\/notre-histoire-2.png 607w, https:\/\/etre-cbd.com\/wp-content\/uploads\/2024\/12\/notre-histoire-2-211x300.png 211w, https:\/\/etre-cbd.com\/wp-content\/uploads\/2024\/12\/notre-histoire-2-8x12.png 8w\" sizes=\"(max-width: 607px) 100vw, 607px\" \/>\t\t\t\t\t\t\t\t\t\t\t\t\t\t\t<\/div>\n\t\t\t\t<\/div>\n\t\t\t\t<\/div>\n\t\t<div class=\"elementor-element elementor-element-b1c5d0a e-con-full e-flex e-con e-child\" data-id=\"b1c5d0a\" data-element_type=\"container\" data-e-type=\"container\">\n\t\t\t\t<div class=\"elementor-element elementor-element-707a97c elementor-widget elementor-widget-heading\" data-id=\"707a97c\" data-element_type=\"widget\" data-e-type=\"widget\" data-widget_type=\"heading.default\">\n\t\t\t\t<div class=\"elementor-widget-container\">\n\t\t\t\t\t<h2 class=\"elementor-heading-title elementor-size-default\">We are \u00eatre.<\/h2>\t\t\t\t<\/div>\n\t\t\t\t<\/div>\n\t\t\t\t<div class=\"elementor-element elementor-element-8f069f4 elementor-widget elementor-widget-text-editor\" data-id=\"8f069f4\" data-element_type=\"widget\" data-e-type=\"widget\" data-widget_type=\"text-editor.default\">\n\t\t\t\t<div class=\"elementor-widget-container\">\n\t\t\t\t\t\t\t\t\t<p>With a French and organic approach to hemp, we make every effort to guarantee the best quality and purity of our products to offer you an authentic experience.<\/p><p>At \u00eatre., we understand the undeniable benefits of CBD in our lives. That's why we want to share it with as many people as possible so that everyone can achieve balance and well-being.<\/p><p>Created by lovers of life with a resolutely forward-looking outlook, \u00eatre aims to spread its values \u200b\u200bthrough well-made and well-thought-out products.<\/p>\t\t\t\t\t\t\t\t<\/div>\n\t\t\t\t<\/div>\n\t\t\t\t<\/div>\n\t\t\t\t\t<\/div>\n\t\t\t\t<\/div>\n\t\t<div class=\"elementor-element elementor-element-912b5ca e-flex e-con-boxed e-con e-parent\" data-id=\"912b5ca\" data-element_type=\"container\" data-e-type=\"container\" data-settings=\"{&quot;background_background&quot;:&quot;classic&quot;}\">\n\t\t\t\t\t<div class=\"e-con-inner\">\n\t\t<div class=\"elementor-element elementor-element-db53cf2 e-con-full e-flex e-con e-child\" data-id=\"db53cf2\" data-element_type=\"container\" data-e-type=\"container\">\n\t\t\t\t<div class=\"elementor-element elementor-element-4f895e4 elementor-widget elementor-widget-heading\" data-id=\"4f895e4\" data-element_type=\"widget\" data-e-type=\"widget\" data-widget_type=\"heading.default\">\n\t\t\t\t<div class=\"elementor-widget-container\">\n\t\t\t\t\t<h2 class=\"elementor-heading-title elementor-size-default\">Our mission<\/h2>\t\t\t\t<\/div>\n\t\t\t\t<\/div>\n\t\t\t\t<div class=\"elementor-element elementor-element-146cb9d elementor-widget elementor-widget-text-editor\" data-id=\"146cb9d\" data-element_type=\"widget\" data-e-type=\"widget\" data-widget_type=\"text-editor.default\">\n\t\t\t\t<div class=\"elementor-widget-container\">\n\t\t\t\t\t\t\t\t\t<p>Are your days busy?<br \/>We help you get back to your roots, to feel in your element. <br \/>Our mission is to bring you lightness in your everyday life.<\/p>\t\t\t\t\t\t\t\t<\/div>\n\t\t\t\t<\/div>\n\t\t\t\t<\/div>\n\t\t\t\t\t<\/div>\n\t\t\t\t<\/div>\n\t\t<div class=\"elementor-element elementor-element-3a57e92 e-flex e-con-boxed e-con e-parent\" data-id=\"3a57e92\" data-element_type=\"container\" data-e-type=\"container\" data-settings=\"{&quot;background_background&quot;:&quot;classic&quot;}\">\n\t\t\t\t\t<div class=\"e-con-inner\">\n\t\t\t\t\t<\/div>\n\t\t\t\t<\/div>\n\t\t<div class=\"elementor-element elementor-element-1d7d3cb e-flex e-con-boxed e-con e-parent\" data-id=\"1d7d3cb\" data-element_type=\"container\" data-e-type=\"container\" data-settings=\"{&quot;background_background&quot;:&quot;classic&quot;}\">\n\t\t\t\t\t<div class=\"e-con-inner\">\n\t\t<div class=\"elementor-element elementor-element-8dfae07 e-con-full e-flex e-con e-child\" data-id=\"8dfae07\" data-element_type=\"container\" data-e-type=\"container\">\n\t\t<div class=\"elementor-element elementor-element-187ecb2 e-con-full e-flex e-con e-child\" data-id=\"187ecb2\" data-element_type=\"container\" data-e-type=\"container\" data-settings=\"{&quot;background_background&quot;:&quot;classic&quot;}\">\n\t\t\t\t<div class=\"elementor-element elementor-element-bd99087 elementor-widget elementor-widget-heading\" data-id=\"bd99087\" data-element_type=\"widget\" data-e-type=\"widget\" data-widget_type=\"heading.default\">\n\t\t\t\t<div class=\"elementor-widget-container\">\n\t\t\t\t\t<h3 class=\"elementor-heading-title elementor-size-default\">Our philosophy<\/h3>\t\t\t\t<\/div>\n\t\t\t\t<\/div>\n\t\t\t\t<div class=\"elementor-element elementor-element-ce6bd64 elementor-widget elementor-widget-text-editor\" data-id=\"ce6bd64\" data-element_type=\"widget\" data-e-type=\"widget\" data-widget_type=\"text-editor.default\">\n\t\t\t\t<div class=\"elementor-widget-container\">\n\t\t\t\t\t\t\t\t\t<p>Our philosophy is as simple as our products. In an unstable world, find balance within yourself. More than a product line, being is a state of mind, a daily ritual. Start the change today, one drop at a time.<\/p>\t\t\t\t\t\t\t\t<\/div>\n\t\t\t\t<\/div>\n\t\t\t\t<\/div>\n\t\t<div class=\"elementor-element elementor-element-0ebe1d7 e-con-full e-flex e-con e-child\" data-id=\"0ebe1d7\" data-element_type=\"container\" data-e-type=\"container\" data-settings=\"{&quot;background_background&quot;:&quot;classic&quot;}\">\n\t\t\t\t<div class=\"elementor-element elementor-element-baa6d9d elementor-widget elementor-widget-heading\" data-id=\"baa6d9d\" data-element_type=\"widget\" data-e-type=\"widget\" data-widget_type=\"heading.default\">\n\t\t\t\t<div class=\"elementor-widget-container\">\n\t\t\t\t\t<h3 class=\"elementor-heading-title elementor-size-default\">Quality is our priority<\/h3>\t\t\t\t<\/div>\n\t\t\t\t<\/div>\n\t\t\t\t<div class=\"elementor-element elementor-element-2f2d972 elementor-widget elementor-widget-text-editor\" data-id=\"2f2d972\" data-element_type=\"widget\" data-e-type=\"widget\" data-widget_type=\"text-editor.default\">\n\t\t\t\t<div class=\"elementor-widget-container\">\n\t\t\t\t\t\t\t\t\t<p>Our products are rigorously tested by quality control specialists at every stage of the production process and then retested by an independent certified laboratory, guaranteeing the highest quality.<\/p>\t\t\t\t\t\t\t\t<\/div>\n\t\t\t\t<\/div>\n\t\t\t\t<\/div>\n\t\t\t\t<\/div>\n\t\t<div class=\"elementor-element elementor-element-10ca1c6 e-con-full e-flex e-con e-child\" data-id=\"10ca1c6\" data-element_type=\"container\" data-e-type=\"container\" data-settings=\"{&quot;background_background&quot;:&quot;classic&quot;}\">\n\t\t\t\t<\/div>\n\t\t\t\t\t<\/div>\n\t\t\t\t<\/div>\n\t\t<div class=\"elementor-element elementor-element-ce99bdf e-flex e-con-boxed e-con e-parent\" data-id=\"ce99bdf\" data-element_type=\"container\" data-e-type=\"container\">\n\t\t\t\t\t<div class=\"e-con-inner\">\n\t\t<div class=\"elementor-element elementor-element-f73c1d3 e-con-full e-flex e-con e-child\" data-id=\"f73c1d3\" data-element_type=\"container\" data-e-type=\"container\">\n\t\t\t\t<div class=\"elementor-element elementor-element-ff1b7ee elementor-widget elementor-widget-image\" data-id=\"ff1b7ee\" data-element_type=\"widget\" data-e-type=\"widget\" data-widget_type=\"image.default\">\n\t\t\t\t<div class=\"elementor-widget-container\">\n\t\t\t\t\t\t\t\t\t\t\t\t\t\t\t<img decoding=\"async\" width=\"574\" height=\"643\" src=\"https:\/\/etre-cbd.com\/wp-content\/uploads\/2024\/12\/n1.jpg\" class=\"attachment-full size-full wp-image-2492\" alt=\"\" srcset=\"https:\/\/etre-cbd.com\/wp-content\/uploads\/2024\/12\/n1.jpg 574w, https:\/\/etre-cbd.com\/wp-content\/uploads\/2024\/12\/n1-268x300.jpg 268w, https:\/\/etre-cbd.com\/wp-content\/uploads\/2024\/12\/n1-11x12.jpg 11w\" sizes=\"(max-width: 574px) 100vw, 574px\" \/>\t\t\t\t\t\t\t\t\t\t\t\t\t\t\t<\/div>\n\t\t\t\t<\/div>\n\t\t\t\t<\/div>\n\t\t<div class=\"elementor-element elementor-element-e1be9af e-con-full e-flex e-con e-child\" data-id=\"e1be9af\" data-element_type=\"container\" data-e-type=\"container\">\n\t\t\t\t<div class=\"elementor-element elementor-element-17e4275 elementor-widget elementor-widget-heading\" data-id=\"17e4275\" data-element_type=\"widget\" data-e-type=\"widget\" data-widget_type=\"heading.default\">\n\t\t\t\t<div class=\"elementor-widget-container\">\n\t\t\t\t\t<h3 class=\"elementor-heading-title elementor-size-default\">\u00catre. was born from the explosive union between a medical and cosmetics professional and a seasoned entrepreneur. Monika had a vision, and Julien believed in it.<\/h3>\t\t\t\t<\/div>\n\t\t\t\t<\/div>\n\t\t\t\t<div class=\"elementor-element elementor-element-60b3c7e elementor-widget elementor-widget-text-editor\" data-id=\"60b3c7e\" data-element_type=\"widget\" data-e-type=\"widget\" data-widget_type=\"text-editor.default\">\n\t\t\t\t<div class=\"elementor-widget-container\">\n\t\t\t\t\t\t\t\t\t<p>It all started with insomnia. Monika searches for CBD oil to help her mother reconcile with Morpheus. <strong>morph\u00e9e.<\/strong><\/p><p>Armed with medical and cosmetic expertise acquired at Johnson &amp; Johnson and Est\u00e9e Lauder, Monika checked and analyzed every aspect of the options presented to her. She was looking for THE product for her mother. But none of the CBD oils available on the market were as flawless as Monika wanted for her mother. They all had something unfortunate about them: polluted, polluting, unknown ingredient origins, unsightly and awkward bottles, and incomprehensible dosages.<\/p>\t\t\t\t\t\t\t\t<\/div>\n\t\t\t\t<\/div>\n\t\t\t\t<div class=\"elementor-element elementor-element-ac6a5be elementor-widget elementor-widget-heading\" data-id=\"ac6a5be\" data-element_type=\"widget\" data-e-type=\"widget\" data-widget_type=\"heading.default\">\n\t\t\t\t<div class=\"elementor-widget-container\">\n\t\t\t\t\t<h3 class=\"elementor-heading-title elementor-size-default\">\u201cAND BITTER!\u201d insists his mother.<\/h3>\t\t\t\t<\/div>\n\t\t\t\t<\/div>\n\t\t\t\t<\/div>\n\t\t\t\t\t<\/div>\n\t\t\t\t<\/div>\n\t\t<div class=\"elementor-element elementor-element-fcc8128 e-flex e-con-boxed e-con e-parent\" data-id=\"fcc8128\" data-element_type=\"container\" data-e-type=\"container\">\n\t\t\t\t\t<div class=\"e-con-inner\">\n\t\t<div class=\"elementor-element elementor-element-985e7f1 e-con-full e-flex e-con e-child\" data-id=\"985e7f1\" data-element_type=\"container\" data-e-type=\"container\" data-settings=\"{&quot;background_background&quot;:&quot;classic&quot;}\">\n\t\t\t\t<div class=\"elementor-element elementor-element-5c4f248 elementor-widget__width-initial elementor-widget-mobile__width-initial elementor-headline--style-highlight elementor-widget elementor-widget-animated-headline\" data-id=\"5c4f248\" data-element_type=\"widget\" data-e-type=\"widget\" data-settings=\"{&quot;marker&quot;:&quot;underline_zigzag&quot;,&quot;highlighted_text&quot;:&quot;imagination&quot;,&quot;headline_style&quot;:&quot;highlight&quot;,&quot;loop&quot;:&quot;yes&quot;,&quot;highlight_animation_duration&quot;:1200,&quot;highlight_iteration_delay&quot;:8000}\" data-widget_type=\"animated-headline.default\">\n\t\t\t\t<div class=\"elementor-widget-container\">\n\t\t\t\t\t\t\t<h2 class=\"elementor-headline\">\n\t\t\t\t\t<span class=\"elementor-headline-plain-text elementor-headline-text-wrapper\">The verdict is final, THE product still only exists in its<\/span>\n\t\t\t\t<span class=\"elementor-headline-dynamic-wrapper elementor-headline-text-wrapper\">\n\t\t\t\t\t<span class=\"elementor-headline-dynamic-text elementor-headline-text-active\">imagination<\/span>\n\t\t\t\t<\/span>\n\t\t\t\t<\/h2>\n\t\t\t\t\t\t<\/div>\n\t\t\t\t<\/div>\n\t\t<div class=\"elementor-element elementor-element-c97c973 e-con-full e-flex e-con e-child\" data-id=\"c97c973\" data-element_type=\"container\" data-e-type=\"container\">\n\t\t<div class=\"elementor-element elementor-element-3f12652 e-con-full e-flex e-con e-child\" data-id=\"3f12652\" data-element_type=\"container\" data-e-type=\"container\">\n\t\t\t\t<div class=\"elementor-element elementor-element-00521f4 elementor-widget elementor-widget-text-editor\" data-id=\"00521f4\" data-element_type=\"widget\" data-e-type=\"widget\" data-widget_type=\"text-editor.default\">\n\t\t\t\t<div class=\"elementor-widget-container\">\n\t\t\t\t\t\t\t\t\t<p>Julien doesn't know it yet, but his path and Monika's are about to converge and become one. He's not difficult to convince, as he also suffers from sleeplessness. Since leaving the Sorbonne, he's been waging this universal battle against stress, which affects many. CBD seduced him; it's a formidably effective product, but once he learned about it, the areas for improvement became obvious.<\/p>\t\t\t\t\t\t\t\t<\/div>\n\t\t\t\t<\/div>\n\t\t\t\t<\/div>\n\t\t<div class=\"elementor-element elementor-element-fccffd8 e-con-full e-flex e-con e-child\" data-id=\"fccffd8\" data-element_type=\"container\" data-e-type=\"container\" data-settings=\"{&quot;background_background&quot;:&quot;classic&quot;}\">\n\t\t\t\t<div class=\"elementor-element elementor-element-830e7a4 elementor-view-default elementor-position-block-start elementor-mobile-position-block-start elementor-widget elementor-widget-icon-box\" data-id=\"830e7a4\" data-element_type=\"widget\" data-e-type=\"widget\" data-widget_type=\"icon-box.default\">\n\t\t\t\t<div class=\"elementor-widget-container\">\n\t\t\t\t\t\t\t<div class=\"elementor-icon-box-wrapper\">\n\n\t\t\t\t\t\t<div class=\"elementor-icon-box-icon\">\n\t\t\t\t<span  class=\"elementor-icon\">\n\t\t\t\t<i aria-hidden=\"true\" class=\"fas fa-quote-right\"><\/i>\t\t\t\t<\/span>\n\t\t\t<\/div>\n\t\t\t\n\t\t\t\t\t\t<div class=\"elementor-icon-box-content\">\n\n\t\t\t\t\n\t\t\t\t\t\t\t\t\t<p class=\"elementor-icon-box-description\">\n\t\t\t\t\t\tWe wanted to create THE simple, beautiful, good, natural, traceable and ecological product that we have never managed to find on the market.\t\t\t\t\t<\/p>\n\t\t\t\t\n\t\t\t<\/div>\n\t\t\t\n\t\t<\/div>\n\t\t\t\t\t\t<\/div>\n\t\t\t\t<\/div>\n\t\t\t\t<\/div>\n\t\t\t\t<\/div>\n\t\t\t\t<\/div>\n\t\t\t\t\t<\/div>\n\t\t\t\t<\/div>\n\t\t<div class=\"elementor-element elementor-element-e9998e9 e-flex e-con-boxed e-con e-parent\" data-id=\"e9998e9\" data-element_type=\"container\" data-e-type=\"container\">\n\t\t\t\t\t<div class=\"e-con-inner\">\n\t\t<div class=\"elementor-element elementor-element-c053a84 e-con-full e-flex e-con e-child\" data-id=\"c053a84\" data-element_type=\"container\" data-e-type=\"container\">\n\t\t\t\t<div class=\"elementor-element elementor-element-4dcc398 elementor-widget elementor-widget-heading\" data-id=\"4dcc398\" data-element_type=\"widget\" data-e-type=\"widget\" data-widget_type=\"heading.default\">\n\t\t\t\t<div class=\"elementor-widget-container\">\n\t\t\t\t\t<h2 class=\"elementor-heading-title elementor-size-default\">What is \u00catre?<\/h2>\t\t\t\t<\/div>\n\t\t\t\t<\/div>\n\t\t\t\t<div class=\"elementor-element elementor-element-45338ec elementor-widget elementor-widget-heading\" data-id=\"45338ec\" data-element_type=\"widget\" data-e-type=\"widget\" data-widget_type=\"heading.default\">\n\t\t\t\t<div class=\"elementor-widget-container\">\n\t\t\t\t\t<h3 class=\"elementor-heading-title elementor-size-default\">\u201c\u00catre is a new habit, a resolution, a change in your life.\u201d<\/h3>\t\t\t\t<\/div>\n\t\t\t\t<\/div>\n\t\t\t\t<div class=\"elementor-element elementor-element-23e0428 elementor-widget elementor-widget-text-editor\" data-id=\"23e0428\" data-element_type=\"widget\" data-e-type=\"widget\" data-widget_type=\"text-editor.default\">\n\t\t\t\t<div class=\"elementor-widget-container\">\n\t\t\t\t\t\t\t\t\t<p>\u00catre is a state of mind based on well-being, better living, and respect for the environment. It's a daily ritual in a glamorous bottle specially designed and created to accompany you elegantly through your busy days.<\/p>\t\t\t\t\t\t\t\t<\/div>\n\t\t\t\t<\/div>\n\t\t<div class=\"elementor-element elementor-element-52437ec e-con-full e-flex e-con e-child\" data-id=\"52437ec\" data-element_type=\"container\" data-e-type=\"container\" data-settings=\"{&quot;background_background&quot;:&quot;classic&quot;}\">\n\t\t\t\t<div class=\"elementor-element elementor-element-33ed3c3 elementor-widget elementor-widget-heading\" data-id=\"33ed3c3\" data-element_type=\"widget\" data-e-type=\"widget\" data-widget_type=\"heading.default\">\n\t\t\t\t<div class=\"elementor-widget-container\">\n\t\t\t\t\t<h3 class=\"elementor-heading-title elementor-size-default\">\u00catre is also transparency<\/h3>\t\t\t\t<\/div>\n\t\t\t\t<\/div>\n\t\t\t\t<div class=\"elementor-element elementor-element-5b9579c elementor-widget elementor-widget-text-editor\" data-id=\"5b9579c\" data-element_type=\"widget\" data-e-type=\"widget\" data-widget_type=\"text-editor.default\">\n\t\t\t\t<div class=\"elementor-widget-container\">\n\t\t\t\t\t\t\t\t\t<p>\u201cWe work with French organic farmers based in Brittany.\u201d<\/p>\t\t\t\t\t\t\t\t<\/div>\n\t\t\t\t<\/div>\n\t\t\t\t<\/div>\n\t\t<div class=\"elementor-element elementor-element-274a25a e-con-full e-flex e-con e-child\" data-id=\"274a25a\" data-element_type=\"container\" data-e-type=\"container\" data-settings=\"{&quot;background_background&quot;:&quot;classic&quot;}\">\n\t\t\t\t<div class=\"elementor-element elementor-element-b62a7bc elementor-widget elementor-widget-heading\" data-id=\"b62a7bc\" data-element_type=\"widget\" data-e-type=\"widget\" data-widget_type=\"heading.default\">\n\t\t\t\t<div class=\"elementor-widget-container\">\n\t\t\t\t\t<h3 class=\"elementor-heading-title elementor-size-default\">And simplicity<\/h3>\t\t\t\t<\/div>\n\t\t\t\t<\/div>\n\t\t\t\t<div class=\"elementor-element elementor-element-51bf331 elementor-widget elementor-widget-text-editor\" data-id=\"51bf331\" data-element_type=\"widget\" data-e-type=\"widget\" data-widget_type=\"text-editor.default\">\n\t\t\t\t<div class=\"elementor-widget-container\">\n\t\t\t\t\t\t\t\t\t<p>\u201cAfter weeks of research, we developed a dosage calculator.\u201d<\/p>\t\t\t\t\t\t\t\t<\/div>\n\t\t\t\t<\/div>\n\t\t\t\t<\/div>\n\t\t\t\t<\/div>\n\t\t<div class=\"elementor-element elementor-element-295f96f e-con-full e-flex e-con e-child\" data-id=\"295f96f\" data-element_type=\"container\" data-e-type=\"container\">\n\t\t\t\t<div class=\"elementor-element elementor-element-373d536 elementor-widget elementor-widget-image\" data-id=\"373d536\" data-element_type=\"widget\" data-e-type=\"widget\" data-widget_type=\"image.default\">\n\t\t\t\t<div class=\"elementor-widget-container\">\n\t\t\t\t\t\t\t\t\t\t\t\t\t\t\t<img decoding=\"async\" width=\"611\" height=\"618\" src=\"https:\/\/etre-cbd.com\/wp-content\/uploads\/2024\/12\/n2.jpg\" class=\"attachment-full size-full wp-image-2493\" alt=\"\" srcset=\"https:\/\/etre-cbd.com\/wp-content\/uploads\/2024\/12\/n2.jpg 611w, https:\/\/etre-cbd.com\/wp-content\/uploads\/2024\/12\/n2-297x300.jpg 297w, https:\/\/etre-cbd.com\/wp-content\/uploads\/2024\/12\/n2-12x12.jpg 12w, https:\/\/etre-cbd.com\/wp-content\/uploads\/2024\/12\/n2-60x60.jpg 60w, https:\/\/etre-cbd.com\/wp-content\/uploads\/2024\/12\/n2-100x100.jpg 100w, https:\/\/etre-cbd.com\/wp-content\/uploads\/2024\/12\/n2-50x50.jpg 50w\" sizes=\"(max-width: 611px) 100vw, 611px\" \/>\t\t\t\t\t\t\t\t\t\t\t\t\t\t\t<\/div>\n\t\t\t\t<\/div>\n\t\t\t\t<\/div>\n\t\t\t\t\t<\/div>\n\t\t\t\t<\/div>\n\t\t<div class=\"elementor-element elementor-element-03c7937 e-flex e-con-boxed e-con e-parent\" data-id=\"03c7937\" data-element_type=\"container\" data-e-type=\"container\">\n\t\t\t\t\t<div class=\"e-con-inner\">\n\t\t<div class=\"elementor-element elementor-element-a4cef6b e-con-full e-flex e-con e-child\" data-id=\"a4cef6b\" data-element_type=\"container\" data-e-type=\"container\">\n\t\t\t\t<div class=\"elementor-element elementor-element-6b37436 elementor-widget__width-initial elementor-widget elementor-widget-image\" data-id=\"6b37436\" data-element_type=\"widget\" data-e-type=\"widget\" data-widget_type=\"image.default\">\n\t\t\t\t<div class=\"elementor-widget-container\">\n\t\t\t\t\t\t\t\t\t\t\t\t\t\t\t<img fetchpriority=\"high\" decoding=\"async\" width=\"607\" height=\"861\" src=\"https:\/\/etre-cbd.com\/wp-content\/uploads\/2024\/12\/notre-histoire-2.png\" class=\"attachment-large size-large wp-image-2478\" alt=\"\" srcset=\"https:\/\/etre-cbd.com\/wp-content\/uploads\/2024\/12\/notre-histoire-2.png 607w, https:\/\/etre-cbd.com\/wp-content\/uploads\/2024\/12\/notre-histoire-2-211x300.png 211w, https:\/\/etre-cbd.com\/wp-content\/uploads\/2024\/12\/notre-histoire-2-8x12.png 8w\" sizes=\"(max-width: 607px) 100vw, 607px\" \/>\t\t\t\t\t\t\t\t\t\t\t\t\t\t\t<\/div>\n\t\t\t\t<\/div>\n\t\t\t\t<\/div>\n\t\t<div class=\"elementor-element elementor-element-9680cef e-con-full e-flex e-con e-child\" data-id=\"9680cef\" data-element_type=\"container\" data-e-type=\"container\">\n\t\t\t\t<div class=\"elementor-element elementor-element-98527da elementor-widget elementor-widget-heading\" data-id=\"98527da\" data-element_type=\"widget\" data-e-type=\"widget\" data-widget_type=\"heading.default\">\n\t\t\t\t<div class=\"elementor-widget-container\">\n\t\t\t\t\t<h2 class=\"elementor-heading-title elementor-size-default\">We are \u00eatre.<\/h2>\t\t\t\t<\/div>\n\t\t\t\t<\/div>\n\t\t\t\t<div class=\"elementor-element elementor-element-77ae7a8 elementor-widget elementor-widget-text-editor\" data-id=\"77ae7a8\" data-element_type=\"widget\" data-e-type=\"widget\" data-widget_type=\"text-editor.default\">\n\t\t\t\t<div class=\"elementor-widget-container\">\n\t\t\t\t\t\t\t\t\t<p>With a French and organic approach to hemp, we make every effort to guarantee the best quality and purity of our products to offer you an authentic experience.<\/p><p>At \u00eatre., we understand the undeniable benefits of CBD in our lives. That's why we want to share it with as many people as possible so that everyone can achieve balance and well-being.<\/p><p>Created by lovers of life with a resolutely forward-looking outlook, \u00eatre aims to spread its values \u200b\u200bthrough well-made and well-thought-out products.<\/p>\t\t\t\t\t\t\t\t<\/div>\n\t\t\t\t<\/div>\n\t\t\t\t<\/div>\n\t\t\t\t\t<\/div>\n\t\t\t\t<\/div>\n\t\t\t\t<\/div>","protected":false},"excerpt":{"rendered":"<p>Nous sommes \u00eatre. Avec une approche fran\u00e7aise et bio du chanvre, nous mettons tous nos efforts pour garantir la meilleure qualit\u00e9 et la puret\u00e9 de nos produits pour t\u2019offrir une exp\u00e9rience authentique. Chez \u00eatre. nous connaissons les bienfaits ind\u00e9niables du CBD dans nos vies. C\u2019est pourquoi nous voulons en faire profiter le plus grand nombre [&hellip;]<\/p>\n","protected":false},"author":1,"featured_media":0,"parent":0,"menu_order":0,"comment_status":"closed","ping_status":"closed","template":"","meta":{"_acf_changed":false,"footnotes":""},"class_list":["post-2474","page","type-page","status-publish","hentry"],"acf":[],"_links":{"self":[{"href":"https:\/\/etre-cbd.com\/en\/wp-json\/wp\/v2\/pages\/2474","targetHints":{"allow":["GET"]}}],"collection":[{"href":"https:\/\/etre-cbd.com\/en\/wp-json\/wp\/v2\/pages"}],"about":[{"href":"https:\/\/etre-cbd.com\/en\/wp-json\/wp\/v2\/types\/page"}],"author":[{"embeddable":true,"href":"https:\/\/etre-cbd.com\/en\/wp-json\/wp\/v2\/users\/1"}],"replies":[{"embeddable":true,"href":"https:\/\/etre-cbd.com\/en\/wp-json\/wp\/v2\/comments?post=2474"}],"version-history":[{"count":14,"href":"https:\/\/etre-cbd.com\/en\/wp-json\/wp\/v2\/pages\/2474\/revisions"}],"predecessor-version":[{"id":2852,"href":"https:\/\/etre-cbd.com\/en\/wp-json\/wp\/v2\/pages\/2474\/revisions\/2852"}],"wp:attachment":[{"href":"https:\/\/etre-cbd.com\/en\/wp-json\/wp\/v2\/media?parent=2474"}],"curies":[{"name":"wp","href":"https:\/\/api.w.org\/{rel}","templated":true}]}}