{"id":488,"date":"2021-11-22T13:41:08","date_gmt":"2021-11-22T12:41:08","guid":{"rendered":"https:\/\/etre-cbd.com\/?page_id=488"},"modified":"2025-04-16T13:07:56","modified_gmt":"2025-04-16T11:07:56","slug":"univers-du-cbd","status":"publish","type":"page","link":"https:\/\/etre-cbd.com\/en\/univers-du-cbd\/","title":{"rendered":"World of CBD"},"content":{"rendered":"<div data-elementor-type=\"wp-page\" data-elementor-id=\"488\" class=\"elementor elementor-488\" data-elementor-post-type=\"page\">\n\t\t\t\t<div class=\"elementor-element elementor-element-eb59f1f e-flex e-con-boxed e-con e-parent\" data-id=\"eb59f1f\" data-element_type=\"container\" data-e-type=\"container\">\n\t\t\t\t\t<div class=\"e-con-inner\">\n\t\t<div class=\"elementor-element elementor-element-f7bd7ab e-con-full e-flex e-con e-child\" data-id=\"f7bd7ab\" data-element_type=\"container\" data-e-type=\"container\">\n\t\t\t\t<div class=\"elementor-element elementor-element-0c1a882 elementor-widget__width-initial elementor-widget elementor-widget-image\" data-id=\"0c1a882\" data-element_type=\"widget\" data-e-type=\"widget\" data-widget_type=\"image.default\">\n\t\t\t\t<div class=\"elementor-widget-container\">\n\t\t\t\t\t\t\t\t\t\t\t\t\t\t\t<img fetchpriority=\"high\" decoding=\"async\" width=\"623\" height=\"623\" src=\"https:\/\/etre-cbd.com\/wp-content\/uploads\/2025\/04\/univers-du-cbd-2.png\" class=\"attachment-large size-large wp-image-2850\" alt=\"\" srcset=\"https:\/\/etre-cbd.com\/wp-content\/uploads\/2025\/04\/univers-du-cbd-2.png 623w, https:\/\/etre-cbd.com\/wp-content\/uploads\/2025\/04\/univers-du-cbd-2-300x300.png 300w, https:\/\/etre-cbd.com\/wp-content\/uploads\/2025\/04\/univers-du-cbd-2-12x12.png 12w, https:\/\/etre-cbd.com\/wp-content\/uploads\/2025\/04\/univers-du-cbd-2-60x60.png 60w, https:\/\/etre-cbd.com\/wp-content\/uploads\/2025\/04\/univers-du-cbd-2-100x100.png 100w, https:\/\/etre-cbd.com\/wp-content\/uploads\/2025\/04\/univers-du-cbd-2-50x50.png 50w\" sizes=\"(max-width: 623px) 100vw, 623px\" \/>\t\t\t\t\t\t\t\t\t\t\t\t\t\t\t<\/div>\n\t\t\t\t<\/div>\n\t\t\t\t<\/div>\n\t\t<div class=\"elementor-element elementor-element-758dd11 e-con-full e-flex e-con e-child\" data-id=\"758dd11\" data-element_type=\"container\" data-e-type=\"container\">\n\t\t\t\t<div class=\"elementor-element elementor-element-499e766 elementor-widget elementor-widget-heading\" data-id=\"499e766\" data-element_type=\"widget\" data-e-type=\"widget\" data-widget_type=\"heading.default\">\n\t\t\t\t<div class=\"elementor-widget-container\">\n\t\t\t\t\t<h2 class=\"elementor-heading-title elementor-size-default\">What is CBD?<\/h2>\t\t\t\t<\/div>\n\t\t\t\t<\/div>\n\t\t\t\t<div class=\"elementor-element elementor-element-fe47a38 elementor-widget elementor-widget-text-editor\" data-id=\"fe47a38\" data-element_type=\"widget\" data-e-type=\"widget\" data-widget_type=\"text-editor.default\">\n\t\t\t\t<div class=\"elementor-widget-container\">\n\t\t\t\t\t\t\t\t\t<p>Cannabidiol \u2013 or CBD \u2013 is one of more than 100 plant cannabinoids found in the cannabis plant.<\/p><p>Clinical studies have shown that CBD is an effective anti-inflammatory and antioxidant agent. CBD prolongs the deep sleep phase, which is the period during which the body effectively regenerates.<\/p><p>Research has also shown that CBD helps relieve symptoms of hormonal imbalances, making it an ideal solution for those suffering from menopause, PMS, and menstrual cramps.<\/p>\t\t\t\t\t\t\t\t<\/div>\n\t\t\t\t<\/div>\n\t\t\t\t<\/div>\n\t\t\t\t\t<\/div>\n\t\t\t\t<\/div>\n\t\t<div class=\"elementor-element elementor-element-192d6cf e-flex e-con-boxed e-con e-parent\" data-id=\"192d6cf\" data-element_type=\"container\" data-e-type=\"container\" data-settings=\"{&quot;background_background&quot;:&quot;classic&quot;,&quot;shape_divider_top&quot;:&quot;curve&quot;,&quot;shape_divider_bottom&quot;:&quot;curve&quot;,&quot;shape_divider_bottom_negative&quot;:&quot;yes&quot;}\">\n\t\t\t\t\t<div class=\"e-con-inner\">\n\t\t\t\t<div class=\"elementor-shape elementor-shape-top\" aria-hidden=\"true\" data-negative=\"false\">\n\t\t\t<svg xmlns=\"http:\/\/www.w3.org\/2000\/svg\" viewbox=\"0 0 1000 100\" preserveaspectratio=\"none\">\n    <path class=\"elementor-shape-fill\" d=\"M1000,4.3V0H0v4.3C0.9,23.1,126.7,99.2,500,100S1000,22.7,1000,4.3z\"\/>\n<\/svg>\t\t<\/div>\n\t\t\t\t<div class=\"elementor-shape elementor-shape-bottom\" aria-hidden=\"true\" data-negative=\"true\">\n\t\t\t<svg xmlns=\"http:\/\/www.w3.org\/2000\/svg\" viewbox=\"0 0 1000 100\" preserveaspectratio=\"none\">\n\t<path class=\"elementor-shape-fill\" d=\"M500,97C126.7,96.3,0.8,19.8,0,0v100l1000,0V1C1000,19.4,873.3,97.8,500,97z\"\/>\n<\/svg>\t\t<\/div>\n\t\t<div class=\"elementor-element elementor-element-6a19a36 e-con-full e-flex e-con e-child\" data-id=\"6a19a36\" data-element_type=\"container\" data-e-type=\"container\">\n\t\t\t\t<div class=\"elementor-element elementor-element-eb199c9 elementor-widget elementor-widget-heading\" data-id=\"eb199c9\" data-element_type=\"widget\" data-e-type=\"widget\" data-widget_type=\"heading.default\">\n\t\t\t\t<div class=\"elementor-widget-container\">\n\t\t\t\t\t<h2 class=\"elementor-heading-title elementor-size-default\">About our CBD<\/h2>\t\t\t\t<\/div>\n\t\t\t\t<\/div>\n\t\t\t\t<div class=\"elementor-element elementor-element-4a091ef elementor-widget elementor-widget-text-editor\" data-id=\"4a091ef\" data-element_type=\"widget\" data-e-type=\"widget\" data-widget_type=\"text-editor.default\">\n\t\t\t\t<div class=\"elementor-widget-container\">\n\t\t\t\t\t\t\t\t\t<p>Every year at harvest time, freshly harvested Cannabis sativa L. seeds are cleaned, sorted, and stored. These seeds are then processed in farmers' workshops on a just-in-time basis to ensure consistently fresh, high-quality products.<\/p><p>Our farmers use the oldest method, \"First Cold Pressing,\" to produce this vegetable. This traditional technique is purely mechanical and has not undergone any chemical treatment. This means that our oil retains its high content of \u03b1-linolenic acid (omega-3), linoleic acid (omega-6), and vitamin E, as well as a low content of saturated fatty acids. This process is also better for the environment!<\/p>\t\t\t\t\t\t\t\t<\/div>\n\t\t\t\t<\/div>\n\t\t\t\t<\/div>\n\t\t\t\t\t<\/div>\n\t\t\t\t<\/div>\n\t\t<div class=\"elementor-element elementor-element-2dae33d e-flex e-con-boxed e-con e-parent\" data-id=\"2dae33d\" data-element_type=\"container\" data-e-type=\"container\">\n\t\t\t\t\t<div class=\"e-con-inner\">\n\t\t<div class=\"elementor-element elementor-element-dab23e8 e-con-full e-flex e-con e-child\" data-id=\"dab23e8\" data-element_type=\"container\" data-e-type=\"container\">\n\t\t\t\t<div class=\"elementor-element elementor-element-6338992 elementor-widget__width-initial elementor-widget elementor-widget-image\" data-id=\"6338992\" data-element_type=\"widget\" data-e-type=\"widget\" data-widget_type=\"image.default\">\n\t\t\t\t<div class=\"elementor-widget-container\">\n\t\t\t\t\t\t\t\t\t\t\t\t\t\t\t<img decoding=\"async\" width=\"646\" height=\"438\" src=\"https:\/\/etre-cbd.com\/wp-content\/uploads\/2025\/04\/univers-du-cbd-4.jpg\" class=\"attachment-large size-large wp-image-2853\" alt=\"\" srcset=\"https:\/\/etre-cbd.com\/wp-content\/uploads\/2025\/04\/univers-du-cbd-4.jpg 646w, https:\/\/etre-cbd.com\/wp-content\/uploads\/2025\/04\/univers-du-cbd-4-300x203.jpg 300w, https:\/\/etre-cbd.com\/wp-content\/uploads\/2025\/04\/univers-du-cbd-4-18x12.jpg 18w\" sizes=\"(max-width: 646px) 100vw, 646px\" \/>\t\t\t\t\t\t\t\t\t\t\t\t\t\t\t<\/div>\n\t\t\t\t<\/div>\n\t\t\t\t<\/div>\n\t\t<div class=\"elementor-element elementor-element-dd4414c e-con-full e-flex e-con e-child\" data-id=\"dd4414c\" data-element_type=\"container\" data-e-type=\"container\">\n\t\t\t\t<div class=\"elementor-element elementor-element-a7d82a3 elementor-widget elementor-widget-heading\" data-id=\"a7d82a3\" data-element_type=\"widget\" data-e-type=\"widget\" data-widget_type=\"heading.default\">\n\t\t\t\t<div class=\"elementor-widget-container\">\n\t\t\t\t\t<h2 class=\"elementor-heading-title elementor-size-default\">How does CBD work?<\/h2>\t\t\t\t<\/div>\n\t\t\t\t<\/div>\n\t\t\t\t<div class=\"elementor-element elementor-element-05db36f elementor-widget elementor-widget-text-editor\" data-id=\"05db36f\" data-element_type=\"widget\" data-e-type=\"widget\" data-widget_type=\"text-editor.default\">\n\t\t\t\t<div class=\"elementor-widget-container\">\n\t\t\t\t\t\t\t\t\t<p>Cannabis affects the endocannabinoid system (ECS), a specialized system that regulates metabolism, energy management, and motor activity.<\/p><p>Our body produces its own cannabinoids in small doses but sometimes needs help to supplement its natural production.<\/p><p>CBD and other cannabinoids are the plant equivalents of human endocannabinoids and mimic their effects by stimulating the CB1 and CB2 cannabinoid receptors. These receptors are found throughout our bodies, from bone marrow to skin, with most located in the most innervated areas.<\/p>\t\t\t\t\t\t\t\t<\/div>\n\t\t\t\t<\/div>\n\t\t\t\t<\/div>\n\t\t\t\t\t<\/div>\n\t\t\t\t<\/div>\n\t\t<div class=\"elementor-element elementor-element-8a96d21 e-flex e-con-boxed e-con e-parent\" data-id=\"8a96d21\" data-element_type=\"container\" data-e-type=\"container\" data-settings=\"{&quot;background_background&quot;:&quot;classic&quot;,&quot;shape_divider_top&quot;:&quot;curve&quot;,&quot;shape_divider_bottom&quot;:&quot;curve&quot;,&quot;shape_divider_bottom_negative&quot;:&quot;yes&quot;}\">\n\t\t\t\t\t<div class=\"e-con-inner\">\n\t\t\t\t<div class=\"elementor-shape elementor-shape-top\" aria-hidden=\"true\" data-negative=\"false\">\n\t\t\t<svg xmlns=\"http:\/\/www.w3.org\/2000\/svg\" viewbox=\"0 0 1000 100\" preserveaspectratio=\"none\">\n    <path class=\"elementor-shape-fill\" d=\"M1000,4.3V0H0v4.3C0.9,23.1,126.7,99.2,500,100S1000,22.7,1000,4.3z\"\/>\n<\/svg>\t\t<\/div>\n\t\t\t\t<div class=\"elementor-shape elementor-shape-bottom\" aria-hidden=\"true\" data-negative=\"true\">\n\t\t\t<svg xmlns=\"http:\/\/www.w3.org\/2000\/svg\" viewbox=\"0 0 1000 100\" preserveaspectratio=\"none\">\n\t<path class=\"elementor-shape-fill\" d=\"M500,97C126.7,96.3,0.8,19.8,0,0v100l1000,0V1C1000,19.4,873.3,97.8,500,97z\"\/>\n<\/svg>\t\t<\/div>\n\t\t<div class=\"elementor-element elementor-element-43e3424 e-flex e-con-boxed e-con e-child\" data-id=\"43e3424\" data-element_type=\"container\" data-e-type=\"container\">\n\t\t\t\t\t<div class=\"e-con-inner\">\n\t\t<div class=\"elementor-element elementor-element-26b552a e-con-full e-flex e-con e-child\" data-id=\"26b552a\" data-element_type=\"container\" data-e-type=\"container\" data-settings=\"{&quot;background_background&quot;:&quot;classic&quot;}\">\n\t\t\t\t<div class=\"elementor-element elementor-element-3bad0c5 elementor-widget elementor-widget-heading\" data-id=\"3bad0c5\" data-element_type=\"widget\" data-e-type=\"widget\" data-widget_type=\"heading.default\">\n\t\t\t\t<div class=\"elementor-widget-container\">\n\t\t\t\t\t<h2 class=\"elementor-heading-title elementor-size-default\">A few drops for a big effect<\/h2>\t\t\t\t<\/div>\n\t\t\t\t<\/div>\n\t\t\t\t<\/div>\n\t\t\t\t\t<\/div>\n\t\t\t\t<\/div>\n\t\t\t\t\t<\/div>\n\t\t\t\t<\/div>\n\t\t<div class=\"elementor-element elementor-element-5ae9226 e-flex e-con-boxed e-con e-parent\" data-id=\"5ae9226\" data-element_type=\"container\" data-e-type=\"container\">\n\t\t\t\t\t<div class=\"e-con-inner\">\n\t\t<div class=\"elementor-element elementor-element-b90637c e-con-full e-flex e-con e-child\" data-id=\"b90637c\" data-element_type=\"container\" data-e-type=\"container\">\n\t\t\t\t<div class=\"elementor-element elementor-element-76b8295 elementor-widget elementor-widget-heading\" data-id=\"76b8295\" data-element_type=\"widget\" data-e-type=\"widget\" data-widget_type=\"heading.default\">\n\t\t\t\t<div class=\"elementor-widget-container\">\n\t\t\t\t\t<h2 class=\"elementor-heading-title elementor-size-default\">Our products<\/h2>\t\t\t\t<\/div>\n\t\t\t\t<\/div>\n\t\t<div class=\"elementor-element elementor-element-5118484 e-con-full e-flex e-con e-child\" data-id=\"5118484\" data-element_type=\"container\" data-e-type=\"container\">\n\t\t<div class=\"elementor-element elementor-element-cff6444 e-con-full e-flex e-con e-child\" data-id=\"cff6444\" data-element_type=\"container\" data-e-type=\"container\">\n\t\t\t\t<div class=\"elementor-element elementor-element-bf1d919 elementor-widget elementor-widget-image\" data-id=\"bf1d919\" data-element_type=\"widget\" data-e-type=\"widget\" data-widget_type=\"image.default\">\n\t\t\t\t<div class=\"elementor-widget-container\">\n\t\t\t\t\t\t\t\t\t\t\t\t\t\t\t<img decoding=\"async\" width=\"136\" height=\"136\" src=\"https:\/\/etre-cbd.com\/wp-content\/uploads\/2024\/02\/Group-34.png\" class=\"attachment-large size-large wp-image-2306\" alt=\"\" srcset=\"https:\/\/etre-cbd.com\/wp-content\/uploads\/2024\/02\/Group-34.png 136w, https:\/\/etre-cbd.com\/wp-content\/uploads\/2024\/02\/Group-34-100x100.png 100w, https:\/\/etre-cbd.com\/wp-content\/uploads\/2024\/02\/Group-34-12x12.png 12w, https:\/\/etre-cbd.com\/wp-content\/uploads\/2024\/02\/Group-34-60x60.png 60w, https:\/\/etre-cbd.com\/wp-content\/uploads\/2024\/02\/Group-34-50x50.png 50w\" sizes=\"(max-width: 136px) 100vw, 136px\" \/>\t\t\t\t\t\t\t\t\t\t\t\t\t\t\t<\/div>\n\t\t\t\t<\/div>\n\t\t\t\t<div class=\"elementor-element elementor-element-ec5fe51 elementor-widget elementor-widget-text-editor\" data-id=\"ec5fe51\" data-element_type=\"widget\" data-e-type=\"widget\" data-widget_type=\"text-editor.default\">\n\t\t\t\t<div class=\"elementor-widget-container\">\n\t\t\t\t\t\t\t\t\t<div class=\"section-6__tiny\"><p class=\"title\"><strong>Contain 0% THC<\/strong><\/p><\/div>\t\t\t\t\t\t\t\t<\/div>\n\t\t\t\t<\/div>\n\t\t\t\t<\/div>\n\t\t<div class=\"elementor-element elementor-element-e13e9e3 e-con-full e-flex e-con e-child\" data-id=\"e13e9e3\" data-element_type=\"container\" data-e-type=\"container\">\n\t\t\t\t<div class=\"elementor-element elementor-element-543fcb2 elementor-widget elementor-widget-text-editor\" data-id=\"543fcb2\" data-element_type=\"widget\" data-e-type=\"widget\" data-widget_type=\"text-editor.default\">\n\t\t\t\t<div class=\"elementor-widget-container\">\n\t\t\t\t\t\t\t\t\t<p class=\"title\"><strong>Contain cannabinoids:<\/strong><\/p><p>CBD, CBN, CBC, CBG, CBDV and terpenes, naturally present in the oil, which enhance the therapeutic value of CBD products<\/p>\t\t\t\t\t\t\t\t<\/div>\n\t\t\t\t<\/div>\n\t\t\t\t<div class=\"elementor-element elementor-element-d1aba78 elementor-align-center elementor-widget elementor-widget-button\" data-id=\"d1aba78\" data-element_type=\"widget\" data-e-type=\"widget\" data-widget_type=\"button.default\">\n\t\t\t\t<div class=\"elementor-widget-container\">\n\t\t\t\t\t\t\t\t\t<div class=\"elementor-button-wrapper\">\n\t\t\t\t\t<a class=\"elementor-button elementor-button-link elementor-size-sm\" href=\"https:\/\/etre-cbd.com\/en\/boutique\/\">\n\t\t\t\t\t\t<span class=\"elementor-button-content-wrapper\">\n\t\t\t\t\t\t\t\t\t<span class=\"elementor-button-text\">Go to the shop<\/span>\n\t\t\t\t\t<\/span>\n\t\t\t\t\t<\/a>\n\t\t\t\t<\/div>\n\t\t\t\t\t\t\t\t<\/div>\n\t\t\t\t<\/div>\n\t\t\t\t<\/div>\n\t\t<div class=\"elementor-element elementor-element-a024de4 e-con-full e-flex e-con e-child\" data-id=\"a024de4\" data-element_type=\"container\" data-e-type=\"container\">\n\t\t\t\t<div class=\"elementor-element elementor-element-e258728 elementor-widget elementor-widget-image\" data-id=\"e258728\" data-element_type=\"widget\" data-e-type=\"widget\" data-widget_type=\"image.default\">\n\t\t\t\t<div class=\"elementor-widget-container\">\n\t\t\t\t\t\t\t\t\t\t\t\t\t\t\t<img loading=\"lazy\" decoding=\"async\" width=\"136\" height=\"136\" src=\"https:\/\/etre-cbd.com\/wp-content\/uploads\/2024\/02\/Group-37.png\" class=\"attachment-large size-large wp-image-2303\" alt=\"\" srcset=\"https:\/\/etre-cbd.com\/wp-content\/uploads\/2024\/02\/Group-37.png 136w, https:\/\/etre-cbd.com\/wp-content\/uploads\/2024\/02\/Group-37-100x100.png 100w, https:\/\/etre-cbd.com\/wp-content\/uploads\/2024\/02\/Group-37-12x12.png 12w, https:\/\/etre-cbd.com\/wp-content\/uploads\/2024\/02\/Group-37-60x60.png 60w, https:\/\/etre-cbd.com\/wp-content\/uploads\/2024\/02\/Group-37-50x50.png 50w\" sizes=\"(max-width: 136px) 100vw, 136px\" \/>\t\t\t\t\t\t\t\t\t\t\t\t\t\t\t<\/div>\n\t\t\t\t<\/div>\n\t\t\t\t<div class=\"elementor-element elementor-element-9dbc03b elementor-widget elementor-widget-text-editor\" data-id=\"9dbc03b\" data-element_type=\"widget\" data-e-type=\"widget\" data-widget_type=\"text-editor.default\">\n\t\t\t\t<div class=\"elementor-widget-container\">\n\t\t\t\t\t\t\t\t\t<div class=\"section-6__tiny\"><p class=\"title\"><strong>Are not addictive<\/strong><\/p><\/div>\t\t\t\t\t\t\t\t<\/div>\n\t\t\t\t<\/div>\n\t\t\t\t<\/div>\n\t\t\t\t<\/div>\n\t\t\t\t<\/div>\n\t\t\t\t\t<\/div>\n\t\t\t\t<\/div>\n\t\t<div class=\"elementor-element elementor-element-70c5140 e-flex e-con-boxed e-con e-parent\" data-id=\"70c5140\" data-element_type=\"container\" data-e-type=\"container\" data-settings=\"{&quot;background_background&quot;:&quot;classic&quot;,&quot;shape_divider_top&quot;:&quot;curve&quot;}\">\n\t\t\t\t\t<div class=\"e-con-inner\">\n\t\t\t\t<div class=\"elementor-shape elementor-shape-top\" aria-hidden=\"true\" data-negative=\"false\">\n\t\t\t<svg xmlns=\"http:\/\/www.w3.org\/2000\/svg\" viewbox=\"0 0 1000 100\" preserveaspectratio=\"none\">\n    <path class=\"elementor-shape-fill\" d=\"M1000,4.3V0H0v4.3C0.9,23.1,126.7,99.2,500,100S1000,22.7,1000,4.3z\"\/>\n<\/svg>\t\t<\/div>\n\t\t<div class=\"elementor-element elementor-element-facf9f1 e-con-full e-flex e-con e-child\" data-id=\"facf9f1\" data-element_type=\"container\" data-e-type=\"container\">\n\t\t\t\t<div class=\"elementor-element elementor-element-dd1ab2a elementor-widget elementor-widget-heading\" data-id=\"dd1ab2a\" data-element_type=\"widget\" data-e-type=\"widget\" data-widget_type=\"heading.default\">\n\t\t\t\t<div class=\"elementor-widget-container\">\n\t\t\t\t\t<h2 class=\"elementor-heading-title elementor-size-default\">Our method<\/h2>\t\t\t\t<\/div>\n\t\t\t\t<\/div>\n\t\t\t\t<div class=\"elementor-element elementor-element-288fc05 elementor-widget elementor-widget-heading\" data-id=\"288fc05\" data-element_type=\"widget\" data-e-type=\"widget\" data-widget_type=\"heading.default\">\n\t\t\t\t<div class=\"elementor-widget-container\">\n\t\t\t\t\t<h2 class=\"elementor-heading-title elementor-size-default\">Not all CBD is created equal.<\/h2>\t\t\t\t<\/div>\n\t\t\t\t<\/div>\n\t\t\t\t<div class=\"elementor-element elementor-element-d3aeb9e elementor-widget elementor-widget-text-editor\" data-id=\"d3aeb9e\" data-element_type=\"widget\" data-e-type=\"widget\" data-widget_type=\"text-editor.default\">\n\t\t\t\t<div class=\"elementor-widget-container\">\n\t\t\t\t\t\t\t\t\t<p>Some manufacturers distill their products, while others blend them with synthetic or low-quality ingredients. It's no wonder some people don't believe in the power of CBD. At \u00eatre, that's exactly what we want to change.<\/p><p>We carefully select the best plants at their peak maturity and subject them to a simple distillation process that preserves all the natural cannabinoids. Through this selection and the cold-pressing process, we retain the maximum amount of positive elements (omega 3-6-9) to create an all-natural product that offers an effective and enjoyable experience.<\/p>\t\t\t\t\t\t\t\t<\/div>\n\t\t\t\t<\/div>\n\t\t\t\t<\/div>\n\t\t\t\t\t<\/div>\n\t\t\t\t<\/div>\n\t\t\t\t<\/div>","protected":false},"excerpt":{"rendered":"<p>Qu\u2019est-ce que le CBD? Le cannabidiol \u2013 ou CBD \u2013 est l\u2019un des plus de 100 cannabino\u00efdes v\u00e9g\u00e9taux pr\u00e9sents dans la plante de cannabis. Les \u00e9tudes cliniques ont montr\u00e9 que le CBD est un agent anti-inflammatoire et antioxydants efficace. Le CBD prolonge la phase de sommeil profond, qui est la p\u00e9riode pendant laquelle le corps [&hellip;]<\/p>\n","protected":false},"author":1,"featured_media":0,"parent":0,"menu_order":0,"comment_status":"closed","ping_status":"closed","template":"","meta":{"_acf_changed":false,"footnotes":""},"class_list":["post-488","page","type-page","status-publish","hentry"],"acf":[],"_links":{"self":[{"href":"https:\/\/etre-cbd.com\/en\/wp-json\/wp\/v2\/pages\/488","targetHints":{"allow":["GET"]}}],"collection":[{"href":"https:\/\/etre-cbd.com\/en\/wp-json\/wp\/v2\/pages"}],"about":[{"href":"https:\/\/etre-cbd.com\/en\/wp-json\/wp\/v2\/types\/page"}],"author":[{"embeddable":true,"href":"https:\/\/etre-cbd.com\/en\/wp-json\/wp\/v2\/users\/1"}],"replies":[{"embeddable":true,"href":"https:\/\/etre-cbd.com\/en\/wp-json\/wp\/v2\/comments?post=488"}],"version-history":[{"count":213,"href":"https:\/\/etre-cbd.com\/en\/wp-json\/wp\/v2\/pages\/488\/revisions"}],"predecessor-version":[{"id":2865,"href":"https:\/\/etre-cbd.com\/en\/wp-json\/wp\/v2\/pages\/488\/revisions\/2865"}],"wp:attachment":[{"href":"https:\/\/etre-cbd.com\/en\/wp-json\/wp\/v2\/media?parent=488"}],"curies":[{"name":"wp","href":"https:\/\/api.w.org\/{rel}","templated":true}]}}