{"id":1104,"date":"2021-12-15T13:43:01","date_gmt":"2021-12-15T12:43:01","guid":{"rendered":"https:\/\/etre-cbd.com\/?post_type=product&#038;p=1104"},"modified":"2026-02-26T16:20:02","modified_gmt":"2026-02-26T15:20:02","slug":"dream-the","status":"publish","type":"product","link":"https:\/\/etre-cbd.com\/en\/boutique\/dream-the\/","title":{"rendered":"DREAM Infusion"},"content":{"rendered":"<div data-elementor-type=\"product-post\" data-elementor-id=\"1104\" class=\"elementor elementor-1104\" data-elementor-post-type=\"product\">\n\t\t\t\t<div class=\"elementor-element elementor-element-ce304f3 e-flex e-con-boxed e-con e-parent\" data-id=\"ce304f3\" data-element_type=\"container\" data-e-type=\"container\">\n\t\t\t\t\t<div class=\"e-con-inner\">\n\t\t\t\t<div class=\"elementor-element elementor-element-65d7943 elementor-widget elementor-widget-text-editor\" data-id=\"65d7943\" data-element_type=\"widget\" data-e-type=\"widget\" data-widget_type=\"text-editor.default\">\n\t\t\t\t<div class=\"elementor-widget-container\">\n\t\t\t\t\t\t\t\t\t<p class=\"p1\">Sweet dreams are made of...Bio hemp, camomille\u00a0and our secret\u00a0St. John's Wort\u00a0that increases the production of melatonin!\u00a0This calming mixture is perfect to decompress after a long day and help you dream big.\u00a0<span class=\"s1\">&nbsp;<\/span>\u00a0 \u00a0\u00a0<span class=\"s1\">&nbsp;<\/span>\u00a0&nbsp;\u00a0<span class=\"s1\">&nbsp;<\/span><span class=\"s2\">\u00a0&nbsp;<\/span>, va t\u2019aider \u00e0 d\u00e9compresser et \u00e0 dormir comme un b\u00e9b\u00e9.<\/p>\t\t\t\t\t\t\t\t<\/div>\n\t\t\t\t<\/div>\n\t\t<div class=\"elementor-element elementor-element-ccbc7cc e-con-full e-flex e-con e-child\" data-id=\"ccbc7cc\" data-element_type=\"container\" data-e-type=\"container\">\n\t\t<div class=\"elementor-element elementor-element-b8a25c2 e-con-full e-flex e-con e-child\" data-id=\"b8a25c2\" data-element_type=\"container\" data-e-type=\"container\">\n\t\t\t\t<div class=\"elementor-element elementor-element-6c18303 elementor-widget elementor-widget-text-editor\" data-id=\"6c18303\" data-element_type=\"widget\" data-e-type=\"widget\" data-widget_type=\"text-editor.default\">\n\t\t\t\t<div class=\"elementor-widget-container\">\n\t\t\t\t\t\t\t\t\t<h3>Benefits<\/h3><p class=\"p1\"><strong>St. John's Wort<\/strong><\/p><p class=\"p1\">St. John's wort is beneficial for sleep by helping to regulate mood and increasing the production of the sleep hormone, melatonin.<\/p><p class=\"p1\">There is strong scientific evidence that it is effective for mild to moderate depression.<\/p><p class=\"p1\"><strong>Chamomile<\/strong>\u00a0<span class=\"Apple-converted-space\">\u00a0<\/span><\/p><p class=\"p1\"><span class=\"s1\">With its roots in aromatherapy and traditional medicine, chamomile tea induces sleep in people with disorders such as sleep apnea and insomnia, as well as in people who have trouble relaxing before bed.<span class=\"Apple-converted-space\">\u00a0<\/span><\/span><\/p><p class=\"p1\"><strong>Hemp leaf<\/strong><\/p><p class=\"p1\">Contains cannabidiol (CBD) which exhibits strong antioxidant, anti-inflammatory, antidepressant and neuroprotective properties. CBD prolongs the deep sleep phase, which is the period during which the body effectively regenerates itself.<\/p><p class=\"p2\">&nbsp;<b>\u00a0<\/b>CBD prolongs the deep sleep phase, which is the period during which the body effectively regenerates itself.<\/p>\t\t\t\t\t\t\t\t<\/div>\n\t\t\t\t<\/div>\n\t\t\t\t<\/div>\n\t\t<div class=\"elementor-element elementor-element-1ffb5f9 e-con-full e-flex e-con e-child\" data-id=\"1ffb5f9\" data-element_type=\"container\" data-e-type=\"container\">\n\t\t\t\t<div class=\"elementor-element elementor-element-260f1aa elementor-widget elementor-widget-image\" data-id=\"260f1aa\" data-element_type=\"widget\" data-e-type=\"widget\" data-widget_type=\"image.default\">\n\t\t\t\t<div class=\"elementor-widget-container\">\n\t\t\t\t\t\t\t\t\t\t\t\t\t\t\t<img fetchpriority=\"high\" decoding=\"async\" width=\"800\" height=\"1427\" src=\"https:\/\/etre-cbd.com\/wp-content\/uploads\/2021\/12\/dream-srodek-1-841x1500.png\" class=\"attachment-large size-large wp-image-2678\" alt=\"\" srcset=\"https:\/\/etre-cbd.com\/wp-content\/uploads\/2021\/12\/dream-srodek-1-841x1500.png 841w, https:\/\/etre-cbd.com\/wp-content\/uploads\/2021\/12\/dream-srodek-1-168x300.png 168w, https:\/\/etre-cbd.com\/wp-content\/uploads\/2021\/12\/dream-srodek-1-768x1370.png 768w, https:\/\/etre-cbd.com\/wp-content\/uploads\/2021\/12\/dream-srodek-1-861x1536.png 861w, https:\/\/etre-cbd.com\/wp-content\/uploads\/2021\/12\/dream-srodek-1-7x12.png 7w, https:\/\/etre-cbd.com\/wp-content\/uploads\/2021\/12\/dream-srodek-1-1000x1783.png 1000w, https:\/\/etre-cbd.com\/wp-content\/uploads\/2021\/12\/dream-srodek-1.png 1084w\" sizes=\"(max-width: 800px) 100vw, 800px\" \/>\t\t\t\t\t\t\t\t\t\t\t\t\t\t\t<\/div>\n\t\t\t\t<\/div>\n\t\t\t\t<\/div>\n\t\t\t\t<\/div>\n\t\t\t\t<div class=\"elementor-element elementor-element-369fdc1 elementor-widget elementor-widget-text-editor\" data-id=\"369fdc1\" data-element_type=\"widget\" data-e-type=\"widget\" data-widget_type=\"text-editor.default\">\n\t\t\t\t<div class=\"elementor-widget-container\">\n\t\t\t\t\t\t\t\t\t<h3>Ingredients<\/h3><p class=\"p1\">Hemp, ginger, fennel,\u00a0St. John's Wort, chamomile, fresh mint, anise<\/p>\t\t\t\t\t\t\t\t<\/div>\n\t\t\t\t<\/div>\n\t\t<div class=\"elementor-element elementor-element-2569406 e-con-full e-flex e-con e-child\" data-id=\"2569406\" data-element_type=\"container\" data-e-type=\"container\">\n\t\t<div class=\"elementor-element elementor-element-95cc570 e-con-full e-flex e-con e-child\" data-id=\"95cc570\" data-element_type=\"container\" data-e-type=\"container\" data-settings=\"{&quot;background_background&quot;:&quot;classic&quot;}\">\n\t\t\t\t<div class=\"elementor-element elementor-element-4a350df elementor-view-default elementor-position-block-start elementor-mobile-position-block-start elementor-widget elementor-widget-icon-box\" data-id=\"4a350df\" data-element_type=\"widget\" data-e-type=\"widget\" data-widget_type=\"icon-box.default\">\n\t\t\t\t<div class=\"elementor-widget-container\">\n\t\t\t\t\t\t\t<div class=\"elementor-icon-box-wrapper\">\n\n\t\t\t\t\t\t<div class=\"elementor-icon-box-icon\">\n\t\t\t\t<span  class=\"elementor-icon\">\n\t\t\t\t<svg xmlns=\"http:\/\/www.w3.org\/2000\/svg\" width=\"29\" height=\"47\" viewbox=\"0 0 29 47\" fill=\"none\"><path d=\"M26.5472 46H2.5635C1.81039 46 1.19934 45.3832 1.20363 44.6301C1.28728 29.9698 2.78608 29.4533 7.86239 25.159C8.59748 24.5372 8.44624 23.3638 7.67515 22.7872C1.55796 18.213 0.671341 8.00807 1.08776 2.20948C1.13738 1.51861 1.72257 1 2.41521 1H26.4271C27.1803 1 27.7924 1.6132 27.7767 2.36615C27.5421 13.6443 24.411 19.5381 21.6302 22.1704C20.7565 22.9974 20.6276 24.9133 21.5679 25.6638C28.5676 31.2508 28.4527 38.3822 27.9022 44.762C27.8416 45.4639 27.2518 46 26.5472 46Z\" stroke=\"#143159\" stroke-width=\"1.36364\"><\/path><path d=\"M10.9517 38.1593C12.5263 35.432 16.4627 35.432 18.0373 38.1593L22.1706 45.3184H6.81836L10.9517 38.1593Z\" fill=\"#143159\"><\/path><path d=\"M13.9051 26.9089C14.1675 27.3635 14.8236 27.3635 15.086 26.9089L18.6289 20.7726C18.8913 20.318 18.5633 19.7498 18.0384 19.7498H10.9527C10.4279 19.7498 10.0998 20.318 10.3623 20.7725L13.9051 26.9089Z\" fill=\"#143159\"><\/path><\/svg>\t\t\t\t<\/span>\n\t\t\t<\/div>\n\t\t\t\n\t\t\t\t\t\t<div class=\"elementor-icon-box-content\">\n\n\t\t\t\t\t\t\t\t\t<h3 class=\"elementor-icon-box-title\">\n\t\t\t\t\t\t<span  >\n\t\t\t\t\t\t\tInfusion time\t\t\t\t\t\t<\/span>\n\t\t\t\t\t<\/h3>\n\t\t\t\t\n\t\t\t\t\t\t\t\t\t<p class=\"elementor-icon-box-description\">\n\t\t\t\t\t\t5\u2019- 8\u2019\t\t\t\t\t<\/p>\n\t\t\t\t\n\t\t\t<\/div>\n\t\t\t\n\t\t<\/div>\n\t\t\t\t\t\t<\/div>\n\t\t\t\t<\/div>\n\t\t\t\t<\/div>\n\t\t<div class=\"elementor-element elementor-element-544a911 e-con-full e-flex e-con e-child\" data-id=\"544a911\" data-element_type=\"container\" data-e-type=\"container\" data-settings=\"{&quot;background_background&quot;:&quot;classic&quot;}\">\n\t\t\t\t<div class=\"elementor-element elementor-element-8a7d952 elementor-view-default elementor-position-block-start elementor-mobile-position-block-start elementor-widget elementor-widget-icon-box\" data-id=\"8a7d952\" data-element_type=\"widget\" data-e-type=\"widget\" data-widget_type=\"icon-box.default\">\n\t\t\t\t<div class=\"elementor-widget-container\">\n\t\t\t\t\t\t\t<div class=\"elementor-icon-box-wrapper\">\n\n\t\t\t\t\t\t<div class=\"elementor-icon-box-icon\">\n\t\t\t\t<span  class=\"elementor-icon\">\n\t\t\t\t<svg xmlns=\"http:\/\/www.w3.org\/2000\/svg\" width=\"23\" height=\"47\" viewbox=\"0 0 23 47\" fill=\"none\"><path d=\"M7.24088 5.59854V26.9489C4.28467 26.9489 1 30.562 1 36.4745C1 43.0438 7.24088 46 11.5109 46C15.781 46 21.6934 43.7007 21.6934 36.4745C21.6934 30.6934 18.4088 26.9489 15.4526 26.9489V5.59854C15.562 4.06569 14.927 1 11.5109 1C8.09489 1 7.24088 4.06569 7.24088 5.59854Z\" stroke=\"#143159\" stroke-width=\"1.31387\"><\/path><circle cx=\"11.1821\" cy=\"35.8174\" r=\"3.28467\" fill=\"#143159\"><\/circle><path d=\"M11.1826 35.8173V21.3647\" stroke=\"#143159\" stroke-width=\"1.31387\"><\/path><\/svg>\t\t\t\t<\/span>\n\t\t\t<\/div>\n\t\t\t\n\t\t\t\t\t\t<div class=\"elementor-icon-box-content\">\n\n\t\t\t\t\t\t\t\t\t<h3 class=\"elementor-icon-box-title\">\n\t\t\t\t\t\t<span  >\n\t\t\t\t\t\t\tBrewing temperature\t\t\t\t\t\t<\/span>\n\t\t\t\t\t<\/h3>\n\t\t\t\t\n\t\t\t\t\t\t\t\t\t<p class=\"elementor-icon-box-description\">\n\t\t\t\t\t\t90 C - 194 F\t\t\t\t\t<\/p>\n\t\t\t\t\n\t\t\t<\/div>\n\t\t\t\n\t\t<\/div>\n\t\t\t\t\t\t<\/div>\n\t\t\t\t<\/div>\n\t\t\t\t<\/div>\n\t\t<div class=\"elementor-element elementor-element-b6f93ad e-con-full e-flex e-con e-child\" data-id=\"b6f93ad\" data-element_type=\"container\" data-e-type=\"container\" data-settings=\"{&quot;background_background&quot;:&quot;classic&quot;}\">\n\t\t\t\t<div class=\"elementor-element elementor-element-0ec1e46 elementor-view-default elementor-position-block-start elementor-mobile-position-block-start elementor-widget elementor-widget-icon-box\" data-id=\"0ec1e46\" data-element_type=\"widget\" data-e-type=\"widget\" data-widget_type=\"icon-box.default\">\n\t\t\t\t<div class=\"elementor-widget-container\">\n\t\t\t\t\t\t\t<div class=\"elementor-icon-box-wrapper\">\n\n\t\t\t\t\t\t<div class=\"elementor-icon-box-icon\">\n\t\t\t\t<span  class=\"elementor-icon\">\n\t\t\t\t<svg xmlns=\"http:\/\/www.w3.org\/2000\/svg\" width=\"36\" height=\"47\" viewbox=\"0 0 36 47\" fill=\"none\"><path d=\"M12.333 7.6665H22.9997\" stroke=\"#143159\" stroke-width=\"1.33333\"><\/path><path d=\"M12.333 13.6665H22.9997\" stroke=\"#143159\" stroke-width=\"1.33333\"><\/path><path d=\"M12.333 19.6665H22.9997\" stroke=\"#143159\" stroke-width=\"1.33333\"><\/path><path d=\"M12.333 25.6665H22.9997\" stroke=\"#143159\" stroke-width=\"1.33333\"><\/path><path d=\"M12.333 31.6665H22.9997\" stroke=\"#143159\" stroke-width=\"1.33333\"><\/path><path d=\"M33.1438 1H2.47876C1.68798 1 1.07096 1.68431 1.15253 2.47087L5.54266 44.8042C5.61312 45.4837 6.18575 46 6.86888 46H27.4993C28.1676 46 28.7326 45.5053 28.8209 44.8429L34.4654 2.50955C34.572 1.71024 33.9501 1 33.1438 1Z\" stroke=\"#143159\" stroke-width=\"1.33333\"><\/path><path d=\"M26 43H8.5L7.5 36H27L26 43Z\" fill=\"#143159\"><\/path><\/svg>\t\t\t\t<\/span>\n\t\t\t<\/div>\n\t\t\t\n\t\t\t\t\t\t<div class=\"elementor-icon-box-content\">\n\n\t\t\t\t\t\t\t\t\t<h3 class=\"elementor-icon-box-title\">\n\t\t\t\t\t\t<span  >\n\t\t\t\t\t\t\tDosage\t\t\t\t\t\t<\/span>\n\t\t\t\t\t<\/h3>\n\t\t\t\t\n\t\t\t\t\t\t\t\t\t<p class=\"elementor-icon-box-description\">\n\t\t\t\t\t\t1-2 teaspoons\t\t\t\t\t<\/p>\n\t\t\t\t\n\t\t\t<\/div>\n\t\t\t\n\t\t<\/div>\n\t\t\t\t\t\t<\/div>\n\t\t\t\t<\/div>\n\t\t\t\t<\/div>\n\t\t\t\t<\/div>\n\t\t<div class=\"elementor-element elementor-element-89adead e-con-full e-flex e-con e-child\" data-id=\"89adead\" data-element_type=\"container\" data-e-type=\"container\">\n\t\t<div class=\"elementor-element elementor-element-74ed1ff e-con-full e-flex e-con e-child\" data-id=\"74ed1ff\" data-element_type=\"container\" data-e-type=\"container\">\n\t\t\t\t<\/div>\n\t\t<div class=\"elementor-element elementor-element-fcb1541 e-con-full e-flex e-con e-child\" data-id=\"fcb1541\" data-element_type=\"container\" data-e-type=\"container\">\n\t\t\t\t<div class=\"elementor-element elementor-element-7f2d840 elementor-view-default elementor-position-block-start elementor-mobile-position-block-start elementor-widget elementor-widget-icon-box\" data-id=\"7f2d840\" data-element_type=\"widget\" data-e-type=\"widget\" data-widget_type=\"icon-box.default\">\n\t\t\t\t<div class=\"elementor-widget-container\">\n\t\t\t\t\t\t\t<div class=\"elementor-icon-box-wrapper\">\n\n\t\t\t\t\t\t<div class=\"elementor-icon-box-icon\">\n\t\t\t\t<span  class=\"elementor-icon\">\n\t\t\t\t<svg xmlns=\"http:\/\/www.w3.org\/2000\/svg\" xmlns:xlink=\"http:\/\/www.w3.org\/1999\/xlink\" id=\"Group_23\" data-name=\"Group 23\" width=\"177.878\" height=\"144.153\" viewbox=\"0 0 177.878 144.153\"><defs><lineargradient id=\"linear-gradient\" x1=\"-0.074\" y1=\"0.056\" x2=\"1\" y2=\"1.103\" gradientunits=\"objectBoundingBox\"><stop offset=\"0\" stop-color=\"#d7c9dd\"><\/stop><stop offset=\"1\" stop-color=\"#97a3c9\"><\/stop><\/lineargradient><clippath id=\"clip-path\"><rect id=\"Rectangle_46\" data-name=\"Rectangle 46\" width=\"177.878\" height=\"144.153\" fill=\"url(#linear-gradient)\"><\/rect><\/clippath><\/defs><g id=\"Group_22\" data-name=\"Group 22\" transform=\"translate(0 0)\" clip-path=\"url(#clip-path)\"><path id=\"Path_81\" data-name=\"Path 81\" d=\"M148.411,74.5c-1.556,1.81-2.513,2.976-3.524,4.089C130.67,94.233,113,96.328,94.1,90.262,64.742,80.838,50.9,46.47,64.734,18.823A33.231,33.231,0,0,1,72.186,9.2a28.53,28.53,0,0,0,3.961-4.125C64.054,6.841,54.522,12.919,46.628,21.729c-7.466,8.334-12.883,17.8-15.15,28.889a52.788,52.788,0,0,0-1.1,14.912c.151,1.841-.419,2.568-2.211,2.757-1.983.212-2.082-.879-2.158-2.389A62.118,62.118,0,0,1,39.6,23.458,61.81,61.81,0,0,1,75.7.834c1.455-.329,3.66-1.7,4.318,0a5.5,5.5,0,0,1-1.277,6.432,44.859,44.859,0,0,0-15.044,35.48,47.019,47.019,0,0,0,45.983,46.108c14.533.3,26.715-5.033,36.45-15.749,1.865-2.053,3.889-1.281,5.888-1.294.97-.006.6,1.114.461,1.758-6.859,32.271-32.373,53.914-65.026,53.1-1.441-.036-3.126.39-2.92-2.232.183-2.347,1.394-2.082,3.076-2.058,21.373.311,38.216-8.647,51.19-25.3,4.97-6.38,8.035-13.638,9.616-22.576\" transform=\"translate(16.044 0.001)\" fill=\"url(#linear-gradient)\"><\/path><path id=\"Path_82\" data-name=\"Path 82\" d=\"M43.524,113.965H20.191c-9.843,0-16.518-5.09-19.215-14.653-3.141-11.133,1.494-22.475,11.1-27.058a16.36,16.36,0,0,1,8.273-1.883c2.051.154,2.794-.605,3.215-2.6C25.146,60.323,28.857,54.268,36,50.941c11.818-5.507,24.667-.191,28.685,12.266,1.326,4.112,2.875,5.8,7.371,6.735,19.153,4,21.594,26.539,12.362,36.974A20.255,20.255,0,0,1,68.7,113.965q-12.589-.012-25.177,0M62.661,75.158c-.06-.827-.091-1.635-.178-2.438-.758-6.9-2.582-13.413-8.948-17.24-9.451-5.681-21.136-.832-24.9,10.053-1.779,5.142-1.776,5.137,2.827,7.918a14.452,14.452,0,0,0,1.467,1.086c2.433,1.06,1.446,2.252.257,3.583-1.773,1.986-2.825-.214-3.835-.829-7.857-4.779-17.125-2.9-22.057,4.649C3,88.511,3.448,98.587,8.48,104.606c2.249,2.689,4.938,4.991,8.744,5,17.5.034,34.992.112,52.486-.045,5.571-.049,10-2.938,13-7.526,3.822-5.849,3.235-15.928-.877-21.182-5.048-6.451-10.688-8.143-19.171-5.694\" transform=\"translate(0 30.187)\" fill=\"url(#linear-gradient)\"><\/path><path id=\"Path_83\" data-name=\"Path 83\" d=\"M102.916,56.395c-5.627,0-11.256.053-16.883-.015-6.409-.076-11.786-2.535-14.615-8.388a16.805,16.805,0,0,1,1.564-17.971,15.118,15.118,0,0,1,10.581-6.082,3.4,3.4,0,0,0,3.307-2.707C90.161,11.4,98,7.221,107.171,10.313c5.522,1.862,8.949,5.954,10.418,11.512.534,2.028,1.37,2.768,3.456,2.906,8.237.544,14.169,7.75,13.787,16.467-.408,9.367-7.429,15.621-15.035,15.25-5.614-.274-11.253-.053-16.88-.053m-13-26.9c-2.106-.638-3.677-1.768-5.818-1.361-6.924,1.311-10.656,6.44-10.008,14.109.487,5.779,5.1,9.657,11.709,9.683,11.654.045,23.311.006,34.965.021a7.92,7.92,0,0,0,3.834-.861c5.6-2.956,7.578-10.656,4.282-16.824-2.844-5.32-9.341-7.092-15.087-3.791-2.025,1.164-3.06.971-4.018-.989-1.034-2.113,1.056-2.158,1.975-2.885.813-.643,2.166-.591,2.113-2.177-.123-3.657-4.4-8.949-8.3-10.147a11.083,11.083,0,0,0-12.5,3.965c-2.346,3.337-2.741,7.164-3.141,11.259\" transform=\"translate(43.029 5.763)\" fill=\"url(#linear-gradient)\"><\/path><\/g><\/svg>\t\t\t\t<\/span>\n\t\t\t<\/div>\n\t\t\t\n\t\t\t\t\t\t<div class=\"elementor-icon-box-content\">\n\n\t\t\t\t\t\t\t\t\t<h3 class=\"elementor-icon-box-title\">\n\t\t\t\t\t\t<span  >\n\t\t\t\t\t\t\tNight\t\t\t\t\t\t<\/span>\n\t\t\t\t\t<\/h3>\n\t\t\t\t\n\t\t\t\t\n\t\t\t<\/div>\n\t\t\t\n\t\t<\/div>\n\t\t\t\t\t\t<\/div>\n\t\t\t\t<\/div>\n\t\t\t\t<\/div>\n\t\t<div class=\"elementor-element elementor-element-05fb0f0 e-con-full e-flex e-con e-child\" data-id=\"05fb0f0\" data-element_type=\"container\" data-e-type=\"container\">\n\t\t\t\t<\/div>\n\t\t\t\t<\/div>\n\t\t\t\t\t<\/div>\n\t\t\t\t<\/div>\n\t\t\t\t<\/div>","protected":false},"excerpt":{"rendered":"<p class=\"p1\">CAMOMILE INFUSION WITH MILLEPERTUIS AND BIO HEMP<span class=\"Apple-converted-space\">\u00a0<\/span><\/p>","protected":false},"featured_media":2792,"comment_status":"open","ping_status":"closed","template":"","meta":{"_acf_changed":false},"product_brand":[],"product_cat":[64,32],"product_tag":[],"class_list":{"0":"post-1104","1":"product","2":"type-product","3":"status-publish","4":"has-post-thumbnail","6":"product_cat-sommeil","7":"product_cat-thes","9":"first","10":"instock","11":"sale","12":"shipping-taxable","13":"purchasable","14":"product-type-simple"},"acf":[],"_links":{"self":[{"href":"https:\/\/etre-cbd.com\/en\/wp-json\/wp\/v2\/product\/1104","targetHints":{"allow":["GET"]}}],"collection":[{"href":"https:\/\/etre-cbd.com\/en\/wp-json\/wp\/v2\/product"}],"about":[{"href":"https:\/\/etre-cbd.com\/en\/wp-json\/wp\/v2\/types\/product"}],"replies":[{"embeddable":true,"href":"https:\/\/etre-cbd.com\/en\/wp-json\/wp\/v2\/comments?post=1104"}],"version-history":[{"count":8,"href":"https:\/\/etre-cbd.com\/en\/wp-json\/wp\/v2\/product\/1104\/revisions"}],"predecessor-version":[{"id":3095,"href":"https:\/\/etre-cbd.com\/en\/wp-json\/wp\/v2\/product\/1104\/revisions\/3095"}],"wp:featuredmedia":[{"embeddable":true,"href":"https:\/\/etre-cbd.com\/en\/wp-json\/wp\/v2\/media\/2792"}],"wp:attachment":[{"href":"https:\/\/etre-cbd.com\/en\/wp-json\/wp\/v2\/media?parent=1104"}],"wp:term":[{"taxonomy":"product_brand","embeddable":true,"href":"https:\/\/etre-cbd.com\/en\/wp-json\/wp\/v2\/product_brand?post=1104"},{"taxonomy":"product_cat","embeddable":true,"href":"https:\/\/etre-cbd.com\/en\/wp-json\/wp\/v2\/product_cat?post=1104"},{"taxonomy":"product_tag","embeddable":true,"href":"https:\/\/etre-cbd.com\/en\/wp-json\/wp\/v2\/product_tag?post=1104"}],"curies":[{"name":"wp","href":"https:\/\/api.w.org\/{rel}","templated":true}]}}