{"id":1893,"date":"2022-12-08T11:44:42","date_gmt":"2022-12-08T10:44:42","guid":{"rendered":"https:\/\/etre-cbd.com\/?post_type=product&#038;p=1893"},"modified":"2025-10-22T13:36:56","modified_gmt":"2025-10-22T11:36:56","slug":"coffret-cadeau","status":"publish","type":"product","link":"https:\/\/etre-cbd.com\/en\/boutique\/coffret-cadeau\/","title":{"rendered":"Coffret Cadeau"},"content":{"rendered":"<ol>\n<li>L&rsquo;huile CBD au choix 10%, 20%, 30% \/ Fraise, Vanille, Chanvre<br \/>\nNotre huile de CBD Broad spectrum 100% naturelle et contiennent des ingr\u00e9dients b\u00e9n\u00e9fiques tels que des om\u00e9ga 3-6-9, tarp\u00e8nes, cannabino\u00efdes et vitamine E pour te d\u00e9tendre et calmer tes nerfs.<\/li>\n<\/ol>\n<ol start=\"2\">\n<li>\n<div>OFFERT: Notre m\u00e9lange de chanvre bio avec des super aliments et des plantes telles que le ginseng, la feuille de ginko ou le millepertuis transformera votre rituel en un processus de bien-\u00eatre. Gr\u00e2ce aux propri\u00e9t\u00e9s curatives des ingr\u00e9dients s\u00e9lectionn\u00e9s, ta vie sera facile comme une tasse de th\u00e9! Au choix:<\/div>\n<ul>\n<li>\n<div>Th\u00e9 vert <b>DETOX<\/b> au go\u00fbt aromatique et fruit\u00e9 de banane, rhubarbe, r\u00e9glisse, raisins secs, menthe et autres ingr\u00e9dients b\u00e9n\u00e9fiques<\/div>\n<\/li>\n<li>\n<div>L\u2019infusion I<b>MMUNITY<\/b> pour ce coup de boost suppl\u00e9mentaire, remplit de vitamines et super ingr\u00e9dients (gingembre, citron, \u00e9chinac\u00e9e\u2026)<\/div>\n<\/li>\n<li>\n<div><b>ENERGY<\/b> pour te garder fort(e) et motiv\u00e9(e) toute la journ\u00e9e avec une puissance de th\u00e9 noir et de racine de ginseng. Le go\u00fbt plus prononc\u00e9 pour les connaisseurs de th\u00e9 noir. 60mg de m\u00e9latonine + 3000mg du CBD \u2013 L\u2019alliance parfaite du CBD pour t\u2019apaiser et te d\u00e9stresser avec la m\u00e9latonine pour accompagner ton sommeil et r\u00e9guler ton cycle circadien<\/div>\n<\/li>\n<li><b>DREAM<\/b><span style=\"font-family: -apple-system, BlinkMacSystemFont, 'Segoe UI', Roboto, Oxygen-Sans, Ubuntu, Cantarell, 'Helvetica Neue', sans-serif;\"> Prends le meilleur de la nature pour passer une bonne nuit de sommeil. Des plantes comme la camomille et le millepertuis t\u2019aideront \u00e0 t\u2019endormir facilement et naturellement.<\/span><\/li>\n<li><b style=\"font-family: -apple-system, BlinkMacSystemFont, 'Segoe UI', Roboto, Oxygen-Sans, Ubuntu, Cantarell, 'Helvetica Neue', sans-serif;\">WELLNESS<\/b><span style=\"font-family: -apple-system, BlinkMacSystemFont, 'Segoe UI', Roboto, Oxygen-Sans, Ubuntu, Cantarell, 'Helvetica Neue', sans-serif;\"><span style=\"font-family: -apple-system, BlinkMacSystemFont, 'Segoe UI', Roboto, Oxygen-Sans, Ubuntu, Cantarell, 'Helvetica Neue', sans-serif;\"><span style=\"font-family: -apple-system, BlinkMacSystemFont, 'Segoe UI', Roboto, Oxygen-Sans, Ubuntu, Cantarell, 'Helvetica Neue', sans-serif;\"> rempli de super ingr\u00e9dients comme le ginko pour renforcer ton bien-\u00eatre g\u00e9n\u00e9ral. Les fleurs de bleuet et des morceaux de pommes lui donnent cette bonne odeur douce.<\/span><\/span><\/span><\/li>\n<\/ul>\n<\/li>\n<li>60mg de m\u00e9latonine + 3000mg du CBD \u2013 L\u2019alliance parfaite du CBD pour t\u2019apaiser et te d\u00e9stresser avec la m\u00e9latonine pour accompagner ton sommeil et r\u00e9guler ton cycle circadien.\n<div>La m\u00e9latonine, connue pour \u00eatre l&rsquo;hormone du sommeil. Naturellement produite par l\u2019organisme elle r\u00e9gule l&rsquo;horloge biologique et est un puissant antioxydant qui indique \u00e0 votre corps quand s&rsquo;endormir et quand se r\u00e9veiller. Le niveau de m\u00e9latonine diminue avec l&rsquo;\u00e2ge, la consommation d&rsquo;alcool et de tabac.<\/div>\n<\/li>\n<\/ol>","protected":false},"excerpt":{"rendered":"<p>L&rsquo;huile CBD au choix 10%, 20%, 30% \/ Fraise, Vanille, Chanvre Notre huile de CBD Broad spectrum 100% naturelle et contiennent des ingr\u00e9dients b\u00e9n\u00e9fiques tels que des om\u00e9ga 3-6-9, tarp\u00e8nes, cannabino\u00efdes et vitamine E pour te d\u00e9tendre et calmer tes nerfs. OFFERT: Notre m\u00e9lange de chanvre bio avec des super aliments et des plantes telles [&hellip;]<\/p>\n","protected":false},"featured_media":2799,"comment_status":"open","ping_status":"closed","template":"","meta":{"_acf_changed":false},"product_brand":[],"product_cat":[52],"product_tag":[],"class_list":{"0":"post-1893","1":"product","2":"type-product","3":"status-publish","4":"has-post-thumbnail","6":"product_cat-coffrets","8":"first","9":"instock","10":"shipping-taxable","11":"purchasable","12":"product-type-woosb"},"acf":[],"_links":{"self":[{"href":"https:\/\/etre-cbd.com\/en\/wp-json\/wp\/v2\/product\/1893","targetHints":{"allow":["GET"]}}],"collection":[{"href":"https:\/\/etre-cbd.com\/en\/wp-json\/wp\/v2\/product"}],"about":[{"href":"https:\/\/etre-cbd.com\/en\/wp-json\/wp\/v2\/types\/product"}],"replies":[{"embeddable":true,"href":"https:\/\/etre-cbd.com\/en\/wp-json\/wp\/v2\/comments?post=1893"}],"version-history":[{"count":2,"href":"https:\/\/etre-cbd.com\/en\/wp-json\/wp\/v2\/product\/1893\/revisions"}],"predecessor-version":[{"id":2800,"href":"https:\/\/etre-cbd.com\/en\/wp-json\/wp\/v2\/product\/1893\/revisions\/2800"}],"wp:featuredmedia":[{"embeddable":true,"href":"https:\/\/etre-cbd.com\/en\/wp-json\/wp\/v2\/media\/2799"}],"wp:attachment":[{"href":"https:\/\/etre-cbd.com\/en\/wp-json\/wp\/v2\/media?parent=1893"}],"wp:term":[{"taxonomy":"product_brand","embeddable":true,"href":"https:\/\/etre-cbd.com\/en\/wp-json\/wp\/v2\/product_brand?post=1893"},{"taxonomy":"product_cat","embeddable":true,"href":"https:\/\/etre-cbd.com\/en\/wp-json\/wp\/v2\/product_cat?post=1893"},{"taxonomy":"product_tag","embeddable":true,"href":"https:\/\/etre-cbd.com\/en\/wp-json\/wp\/v2\/product_tag?post=1893"}],"curies":[{"name":"wp","href":"https:\/\/api.w.org\/{rel}","templated":true}]}}