{"id":1961,"date":"2023-02-03T10:09:25","date_gmt":"2023-02-03T09:09:25","guid":{"rendered":"https:\/\/etre-cbd.com\/?post_type=product&#038;p=1961"},"modified":"2025-12-04T11:54:44","modified_gmt":"2025-12-04T10:54:44","slug":"linfuseur","status":"publish","type":"product","link":"https:\/\/etre-cbd.com\/en\/boutique\/linfuseur\/","title":{"rendered":"Infuseur de th\u00e9"},"content":{"rendered":"<div data-elementor-type=\"product-post\" data-elementor-id=\"1961\" class=\"elementor elementor-1961\" data-elementor-post-type=\"product\">\n\t\t\t\t<div class=\"elementor-element elementor-element-42523429 e-flex e-con-boxed e-con e-parent\" data-id=\"42523429\" data-element_type=\"container\" data-e-type=\"container\">\n\t\t\t\t\t<div class=\"e-con-inner\">\n\t\t<div class=\"elementor-element elementor-element-05e0776 e-con-full e-flex e-con e-child\" data-id=\"05e0776\" data-element_type=\"container\" data-e-type=\"container\">\n\t\t\t\t<div class=\"elementor-element elementor-element-51b76fc elementor-widget elementor-widget-heading\" data-id=\"51b76fc\" data-element_type=\"widget\" data-e-type=\"widget\" data-widget_type=\"heading.default\">\n\t\t\t\t<div class=\"elementor-widget-container\">\n\t\t\t\t\t<h2 class=\"elementor-heading-title elementor-size-default\">Product Description<\/h2>\t\t\t\t<\/div>\n\t\t\t\t<\/div>\n\t\t\t\t<div class=\"elementor-element elementor-element-641f059c elementor-widget__width-initial elementor-widget elementor-widget-text-editor\" data-id=\"641f059c\" data-element_type=\"widget\" data-e-type=\"widget\" data-widget_type=\"text-editor.default\">\n\t\t\t\t<div class=\"elementor-widget-container\">\n\t\t\t\t\t\t\t\t\t<p style=\"text-align: left;\">Notre \u00e9l\u00e9gant infuseur verre transformera votre rituel de pr\u00e9paration du th\u00e9. Observe comment les feuilles absorbent l&rsquo;eau et pr\u00e9pare ton th\u00e9\/infusion pr\u00e9f\u00e9r\u00e9 plus rapidement.<br \/>Les huit trous au fond filtrent facilement le th\u00e9, s\u00e9parant les feuilles de la boisson. Ton rituel du th\u00e9 n&rsquo;a jamais \u00e9t\u00e9 aussi simple et \u00e9l\u00e9gant. Il suffit de:<\/p><ol style=\"text-align: left;\"><li>Mettre la quantit\u00e9 de th\u00e9 souhait\u00e9e dans l&rsquo;infuseur \u00e0 l&rsquo;aide d&rsquo;une petite cuill\u00e8re \u00e0 caf\u00e9<\/li><li class=\"elementToProof\">Verser le volume d&rsquo;eau correspondant \u00e0 bonne temp\u00e9rature<\/li><li class=\"elementToProof\">Laisser infuser le temps indiqu\u00e9 (voir les instructions dans le menu \u00ab\u00a0th\u00e9s\/tisanes\u00a0\u00bb)<\/li><\/ol><p style=\"text-align: left;\">\u00a0<\/p>\t\t\t\t\t\t\t\t<\/div>\n\t\t\t\t<\/div>\n\t\t\t\t<\/div>\n\t\t\t\t<div class=\"elementor-element elementor-element-63d8f7d elementor-widget elementor-widget-video\" data-id=\"63d8f7d\" data-element_type=\"widget\" data-e-type=\"widget\" data-settings=\"{&quot;youtube_url&quot;:&quot;https:\\\/\\\/youtu.be\\\/nez1PdLYXEo&quot;,&quot;video_type&quot;:&quot;youtube&quot;,&quot;controls&quot;:&quot;yes&quot;}\" data-widget_type=\"video.default\">\n\t\t\t\t<div class=\"elementor-widget-container\">\n\t\t\t\t\t\t\t<div class=\"elementor-wrapper elementor-open-inline\">\n\t\t\t<div class=\"elementor-video\"><\/div>\t\t<\/div>\n\t\t\t\t\t\t<\/div>\n\t\t\t\t<\/div>\n\t\t\t\t\t<\/div>\n\t\t\t\t<\/div>\n\t\t\t\t<\/div>","protected":false},"excerpt":{"rendered":"<p>L&rsquo;infuseur \u00e0 th\u00e9 en verre avec bouchon en ch\u00eane.<br \/>\nCe bel objet te permettra d&rsquo;observer le processus d&rsquo;infusion et de ch\u00e9rir chaque instant de ce rituel sp\u00e9cial.<\/p>","protected":false},"featured_media":2704,"comment_status":"open","ping_status":"closed","template":"","meta":{"_acf_changed":false},"product_brand":[],"product_cat":[55],"product_tag":[],"class_list":{"0":"post-1961","1":"product","2":"type-product","3":"status-publish","4":"has-post-thumbnail","6":"product_cat-accessoires","8":"first","9":"instock","10":"shipping-taxable","11":"purchasable","12":"product-type-simple"},"acf":[],"_links":{"self":[{"href":"https:\/\/etre-cbd.com\/en\/wp-json\/wp\/v2\/product\/1961","targetHints":{"allow":["GET"]}}],"collection":[{"href":"https:\/\/etre-cbd.com\/en\/wp-json\/wp\/v2\/product"}],"about":[{"href":"https:\/\/etre-cbd.com\/en\/wp-json\/wp\/v2\/types\/product"}],"replies":[{"embeddable":true,"href":"https:\/\/etre-cbd.com\/en\/wp-json\/wp\/v2\/comments?post=1961"}],"version-history":[{"count":7,"href":"https:\/\/etre-cbd.com\/en\/wp-json\/wp\/v2\/product\/1961\/revisions"}],"predecessor-version":[{"id":3264,"href":"https:\/\/etre-cbd.com\/en\/wp-json\/wp\/v2\/product\/1961\/revisions\/3264"}],"wp:featuredmedia":[{"embeddable":true,"href":"https:\/\/etre-cbd.com\/en\/wp-json\/wp\/v2\/media\/2704"}],"wp:attachment":[{"href":"https:\/\/etre-cbd.com\/en\/wp-json\/wp\/v2\/media?parent=1961"}],"wp:term":[{"taxonomy":"product_brand","embeddable":true,"href":"https:\/\/etre-cbd.com\/en\/wp-json\/wp\/v2\/product_brand?post=1961"},{"taxonomy":"product_cat","embeddable":true,"href":"https:\/\/etre-cbd.com\/en\/wp-json\/wp\/v2\/product_cat?post=1961"},{"taxonomy":"product_tag","embeddable":true,"href":"https:\/\/etre-cbd.com\/en\/wp-json\/wp\/v2\/product_tag?post=1961"}],"curies":[{"name":"wp","href":"https:\/\/api.w.org\/{rel}","templated":true}]}}