{"id":2719,"date":"2025-04-14T13:38:29","date_gmt":"2025-04-14T11:38:29","guid":{"rendered":"https:\/\/etre-cbd.com\/?post_type=product&#038;p=2719"},"modified":"2026-02-26T16:45:56","modified_gmt":"2026-02-26T15:45:56","slug":"baume-a-levres-au-cbd-bio","status":"publish","type":"product","link":"https:\/\/etre-cbd.com\/en\/boutique\/baume-a-levres-au-cbd-bio\/","title":{"rendered":"Baume \u00e0 L\u00e8vres au CBD Bio"},"content":{"rendered":"<div data-elementor-type=\"product-post\" data-elementor-id=\"2719\" class=\"elementor elementor-2719\" data-elementor-post-type=\"product\">\n\t\t\t\t<div class=\"elementor-element elementor-element-eef9669 e-con-full e-flex e-con e-parent\" data-id=\"eef9669\" data-element_type=\"container\" data-e-type=\"container\">\n\t\t\t\t<div class=\"elementor-element elementor-element-e1c168f elementor-widget elementor-widget-text-editor\" data-id=\"e1c168f\" data-element_type=\"widget\" data-e-type=\"widget\" data-widget_type=\"text-editor.default\">\n\t\t\t\t<div class=\"elementor-widget-container\">\n\t\t\t\t\t\t\t\t\t<h3 class=\"p1\">Soin Intense et Protection SPF 20<\/h3><p class=\"p2\">D\u00e9couvre notre baume \u00e0 l\u00e8vres au CBD bio, une fusion unique de nature et de science pour des l\u00e8vres nourries, prot\u00e9g\u00e9es et sublim\u00e9es. Ce baume est formul\u00e9 avec un m\u00e9lange exclusif d\u2019huiles v\u00e9g\u00e9tales pr\u00e9cieuses, d\u2019extraits naturels et de beurre riche pour offrir une hydratation intense tout en assurant une protection solaire efficace gr\u00e2ce \u00e0 un SPF 20.<\/p><p class=\"p4\">\u00a0<\/p>\t\t\t\t\t\t\t\t<\/div>\n\t\t\t\t<\/div>\n\t\t\t\t<\/div>\n\t\t<div class=\"elementor-element elementor-element-6f7b5b6 e-con-full e-flex e-con e-parent\" data-id=\"6f7b5b6\" data-element_type=\"container\" data-e-type=\"container\">\n\t\t<div class=\"elementor-element elementor-element-e3a3198 e-con-full e-flex e-con e-child\" data-id=\"e3a3198\" data-element_type=\"container\" data-e-type=\"container\">\n\t\t\t\t<div class=\"elementor-element elementor-element-0301f75 elementor-widget elementor-widget-text-editor\" data-id=\"0301f75\" data-element_type=\"widget\" data-e-type=\"widget\" data-widget_type=\"text-editor.default\">\n\t\t\t\t<div class=\"elementor-widget-container\">\n\t\t\t\t\t\t\t\t\t<h3 class=\"p1\"><b>Protection Solaire Int\u00e9gr\u00e9e<\/b><\/h3><p class=\"p4\">Avec un SPF 20, ce baume prot\u00e8ge efficacement vos l\u00e8vres des rayons UVA et UVB, pr\u00e9venant ainsi le vieillissement pr\u00e9matur\u00e9 et les dommages caus\u00e9s par le soleil.<\/p><p class=\"p4\"><b>Parfum D\u00e9licat de Rose :<\/b>\u00a0Offrez \u00e0 tes l\u00e8vres un parfum frais et floral pour une exp\u00e9rience sensorielle raffin\u00e9e.<br \/><b>Texture Onctueuse et Non Grasse :<\/b>\u00a0Une application facile pour un confort maximal tout au long de la journ\u00e9e.<\/p><h3 class=\"p1\"><b>Utilisation<\/b><\/h3><p class=\"p4\">Appliquez g\u00e9n\u00e9reusement sur les l\u00e8vres aussi souvent que n\u00e9cessaire. Id\u00e9al en toutes saisons pour une protection et une hydratation continue.<\/p><h3>Ingredients<\/h3><ul class=\"ul1\"><li class=\"li2\"><b>Huiles V\u00e9g\u00e9tales d\u2019Amande, Abricot, Noisette, Grenade et Figue de Barbarie<\/b>\u00a0: Riches en vitamines et acides gras essentiels, ces huiles apportent une hydratation profonde, adoucissent et prot\u00e8gent la barri\u00e8re cutan\u00e9e.<\/li><li class=\"li2\"><b>Extrait d\u2019Algue Brune<\/b>\u00a0: Puissant antioxydant, il prot\u00e8ge vos l\u00e8vres contre les agressions ext\u00e9rieures et les radicaux libres.<\/li><li class=\"li2\"><b>CBD (Cannabidiol)<\/b>\u00a0: Apaisant et r\u00e9g\u00e9n\u00e9rant, le CBD favorise la cicatrisation et r\u00e9duit les irritations pour des l\u00e8vres parfaitement lisses.<\/li><li class=\"li2\"><b>Cire de Riz et Soja<\/b>\u00a0: Ces cires naturelles assurent une texture fondante et une protection longue dur\u00e9e contre le dess\u00e8chement.<\/li><li class=\"li2\"><b>Beurres de Mangue, Kukum, Rose et Hibiscus<\/b>\u00a0: Enrichis en nutriments, ces beurres nourrissent et r\u00e9g\u00e9n\u00e8rent en profondeur, offrant une sensation de confort in\u00e9gal\u00e9e.<\/li><li class=\"li2\"><b>Huile Essentielle de G\u00e9ranium<\/b>\u00a0: Aux propri\u00e9t\u00e9s purifiantes et tonifiantes, elle apporte une touche aromatique subtile tout en soignant vos l\u00e8vres.<\/li><\/ul>\t\t\t\t\t\t\t\t<\/div>\n\t\t\t\t<\/div>\n\t\t\t\t<\/div>\n\t\t<div class=\"elementor-element elementor-element-dc41167 e-con-full e-flex e-con e-child\" data-id=\"dc41167\" data-element_type=\"container\" data-e-type=\"container\">\n\t\t\t\t<div class=\"elementor-element elementor-element-edf4c32 elementor-widget elementor-widget-image\" data-id=\"edf4c32\" data-element_type=\"widget\" data-e-type=\"widget\" data-widget_type=\"image.default\">\n\t\t\t\t<div class=\"elementor-widget-container\">\n\t\t\t\t\t\t\t\t\t\t\t\t\t\t\t<img fetchpriority=\"high\" decoding=\"async\" width=\"800\" height=\"1119\" src=\"https:\/\/etre-cbd.com\/wp-content\/uploads\/2025\/04\/packshot_-33-1072x1500.jpg\" class=\"attachment-large size-large wp-image-2724\" alt=\"\" srcset=\"https:\/\/etre-cbd.com\/wp-content\/uploads\/2025\/04\/packshot_-33-1072x1500.jpg 1072w, https:\/\/etre-cbd.com\/wp-content\/uploads\/2025\/04\/packshot_-33-214x300.jpg 214w, https:\/\/etre-cbd.com\/wp-content\/uploads\/2025\/04\/packshot_-33-768x1075.jpg 768w, https:\/\/etre-cbd.com\/wp-content\/uploads\/2025\/04\/packshot_-33-1097x1536.jpg 1097w, https:\/\/etre-cbd.com\/wp-content\/uploads\/2025\/04\/packshot_-33-9x12.jpg 9w, https:\/\/etre-cbd.com\/wp-content\/uploads\/2025\/04\/packshot_-33-1000x1400.jpg 1000w, https:\/\/etre-cbd.com\/wp-content\/uploads\/2025\/04\/packshot_-33.jpg 1286w\" sizes=\"(max-width: 800px) 100vw, 800px\" \/>\t\t\t\t\t\t\t\t\t\t\t\t\t\t\t<\/div>\n\t\t\t\t<\/div>\n\t\t\t\t<\/div>\n\t\t\t\t<\/div>\n\t\t\t\t<\/div>","protected":false},"excerpt":{"rendered":"<p>D\u00e9couvre notre baume \u00e0 l\u00e8vres au CBD bio, une fusion unique de nature et de science pour des l\u00e8vres nourries, prot\u00e9g\u00e9es et sublim\u00e9es.<\/p>","protected":false},"featured_media":3288,"comment_status":"open","ping_status":"closed","template":"","meta":{"_acf_changed":false},"product_brand":[],"product_cat":[72],"product_tag":[],"class_list":{"0":"post-2719","1":"product","2":"type-product","3":"status-publish","4":"has-post-thumbnail","6":"product_cat-bien-etre-beaute","8":"first","9":"instock","10":"shipping-taxable","11":"purchasable","12":"product-type-simple"},"acf":[],"_links":{"self":[{"href":"https:\/\/etre-cbd.com\/en\/wp-json\/wp\/v2\/product\/2719","targetHints":{"allow":["GET"]}}],"collection":[{"href":"https:\/\/etre-cbd.com\/en\/wp-json\/wp\/v2\/product"}],"about":[{"href":"https:\/\/etre-cbd.com\/en\/wp-json\/wp\/v2\/types\/product"}],"replies":[{"embeddable":true,"href":"https:\/\/etre-cbd.com\/en\/wp-json\/wp\/v2\/comments?post=2719"}],"version-history":[{"count":4,"href":"https:\/\/etre-cbd.com\/en\/wp-json\/wp\/v2\/product\/2719\/revisions"}],"predecessor-version":[{"id":2727,"href":"https:\/\/etre-cbd.com\/en\/wp-json\/wp\/v2\/product\/2719\/revisions\/2727"}],"wp:featuredmedia":[{"embeddable":true,"href":"https:\/\/etre-cbd.com\/en\/wp-json\/wp\/v2\/media\/3288"}],"wp:attachment":[{"href":"https:\/\/etre-cbd.com\/en\/wp-json\/wp\/v2\/media?parent=2719"}],"wp:term":[{"taxonomy":"product_brand","embeddable":true,"href":"https:\/\/etre-cbd.com\/en\/wp-json\/wp\/v2\/product_brand?post=2719"},{"taxonomy":"product_cat","embeddable":true,"href":"https:\/\/etre-cbd.com\/en\/wp-json\/wp\/v2\/product_cat?post=2719"},{"taxonomy":"product_tag","embeddable":true,"href":"https:\/\/etre-cbd.com\/en\/wp-json\/wp\/v2\/product_tag?post=2719"}],"curies":[{"name":"wp","href":"https:\/\/api.w.org\/{rel}","templated":true}]}}