{"id":2728,"date":"2025-04-14T13:48:17","date_gmt":"2025-04-14T11:48:17","guid":{"rendered":"https:\/\/etre-cbd.com\/?post_type=product&#038;p=2728"},"modified":"2026-03-31T09:56:03","modified_gmt":"2026-03-31T07:56:03","slug":"gummies-cbd-sweet-dreams","status":"publish","type":"product","link":"https:\/\/etre-cbd.com\/en\/boutique\/gummies-cbd-sweet-dreams\/","title":{"rendered":"Gummies CBD \u00ab Sweet Dreams \u00bb"},"content":{"rendered":"<div data-elementor-type=\"product-post\" data-elementor-id=\"2728\" class=\"elementor elementor-2728\" data-elementor-post-type=\"product\">\n\t\t\t\t<div class=\"elementor-element elementor-element-50d2676 e-con-full e-flex e-con e-parent\" data-id=\"50d2676\" data-element_type=\"container\" data-e-type=\"container\">\n\t\t<div class=\"elementor-element elementor-element-17076a8 e-con-full e-flex e-con e-child\" data-id=\"17076a8\" data-element_type=\"container\" data-e-type=\"container\">\n\t\t\t\t<div class=\"elementor-element elementor-element-5dcf3c3 elementor-widget elementor-widget-text-editor\" data-id=\"5dcf3c3\" data-element_type=\"widget\" data-e-type=\"widget\" data-widget_type=\"text-editor.default\">\n\t\t\t\t<div class=\"elementor-widget-container\">\n\t\t\t\t\t\t\t\t\t<h3 class=\"p1\">Pour un Sommeil R\u00e9parateu<span class=\"s1\">r<\/span><\/h3><p class=\"p1\">D\u00e9couvre\u00a0<b>\u00ab\u00a0Sweet Dreams\u00a0\u00bb<\/b>, les gummies au CBD con\u00e7us sp\u00e9cialement pour t\u2019offrir un sommeil profond et r\u00e9parateur. Formul\u00e9s avec des ingr\u00e9dients naturels et biologiques, nos gummies sont fabriqu\u00e9s en France avec le plus grand soin, garantissant une qualit\u00e9 irr\u00e9prochable.<\/p><p class=\"p1\">Ces gummies associent la puissance du CBD \u00e0 un m\u00e9lange synergique de m\u00e9latonine, zinc, vitamine E, L-tryptophane, vitamine B6 et L-th\u00e9anine pour t\u2019aider \u00e0 t\u2019endormir plus rapidement et \u00e0 profiter d\u2019un sommeil de qualit\u00e9. Le tout avec un d\u00e9licieux go\u00fbt naturel de rose pour une exp\u00e9rience apaisante.<\/p><h3 class=\"p1\"><span class=\"s1\"><b>Caract\u00e9ristiques du Produit<\/b><\/span><\/h3><ul class=\"ul1\"><li class=\"li2\"><b>Go\u00fbt<\/b>\u00a0: Naturellement parfum\u00e9 \u00e0 la rose, pour une exp\u00e9rience gustative douce et florale.<\/li><li class=\"li2\"><b>Origine<\/b>\u00a0: Fabriqu\u00e9 en France, \u00e0 partir d\u2019ingr\u00e9dients biologiques et de haute qualit\u00e9.<\/li><li class=\"li2\"><b>Formule Vegan<\/b>\u00a0: Nos gummies sont 100% v\u00e9g\u00e9taliens, sans g\u00e9latine ni produits d\u2019origine animale.<\/li><\/ul><h3 class=\"p4\"><b>Mode d\u2019Emploi<\/b><\/h3><p class=\"p5\">Prenez 2 gummies environ 30 minutes avant le coucher. Pour un effet optimal, utilisez-les r\u00e9guli\u00e8rement et compl\u00e9tez avec notre infusion DREAM<span class=\"s2\">\u00a0( link to herbatki niebieskiej)<\/span><\/p><h3 class=\"p4\"><b>Garantie Qualit\u00e9<\/b><\/h3><p class=\"p5\">Chez \u00eatre, nous nous engageons \u00e0 te fournir des produits de haute qualit\u00e9. Nos gummies \u00ab\u00a0Sweet Dreams\u00a0\u00bb sont rigoureusement test\u00e9s en laboratoire pour garantir leur puret\u00e9 et leur efficacit\u00e9.<\/p>\t\t\t\t\t\t\t\t<\/div>\n\t\t\t\t<\/div>\n\t\t\t\t<\/div>\n\t\t<div class=\"elementor-element elementor-element-4762575 e-con-full e-flex e-con e-child\" data-id=\"4762575\" data-element_type=\"container\" data-e-type=\"container\">\n\t\t\t\t<div class=\"elementor-element elementor-element-cd728e9 elementor-widget elementor-widget-image\" data-id=\"cd728e9\" data-element_type=\"widget\" data-e-type=\"widget\" data-widget_type=\"image.default\">\n\t\t\t\t<div class=\"elementor-widget-container\">\n\t\t\t\t\t\t\t\t\t\t\t\t\t\t\t<img fetchpriority=\"high\" decoding=\"async\" width=\"800\" height=\"1119\" src=\"https:\/\/etre-cbd.com\/wp-content\/uploads\/2025\/04\/packshot_-19-1072x1500.jpg\" class=\"attachment-large size-large wp-image-2731\" alt=\"\" srcset=\"https:\/\/etre-cbd.com\/wp-content\/uploads\/2025\/04\/packshot_-19-1072x1500.jpg 1072w, https:\/\/etre-cbd.com\/wp-content\/uploads\/2025\/04\/packshot_-19-214x300.jpg 214w, https:\/\/etre-cbd.com\/wp-content\/uploads\/2025\/04\/packshot_-19-768x1075.jpg 768w, https:\/\/etre-cbd.com\/wp-content\/uploads\/2025\/04\/packshot_-19-1097x1536.jpg 1097w, https:\/\/etre-cbd.com\/wp-content\/uploads\/2025\/04\/packshot_-19-9x12.jpg 9w, https:\/\/etre-cbd.com\/wp-content\/uploads\/2025\/04\/packshot_-19-1000x1400.jpg 1000w, https:\/\/etre-cbd.com\/wp-content\/uploads\/2025\/04\/packshot_-19.jpg 1286w\" sizes=\"(max-width: 800px) 100vw, 800px\" \/>\t\t\t\t\t\t\t\t\t\t\t\t\t\t\t<\/div>\n\t\t\t\t<\/div>\n\t\t\t\t<\/div>\n\t\t\t\t<\/div>\n\t\t<div class=\"elementor-element elementor-element-59c6605 e-con-full e-flex e-con e-parent\" data-id=\"59c6605\" data-element_type=\"container\" data-e-type=\"container\">\n\t\t<div class=\"elementor-element elementor-element-cdf32fb e-con-full e-flex e-con e-child\" data-id=\"cdf32fb\" data-element_type=\"container\" data-e-type=\"container\">\n\t\t\t\t<div class=\"elementor-element elementor-element-f7409cc elementor-widget elementor-widget-text-editor\" data-id=\"f7409cc\" data-element_type=\"widget\" data-e-type=\"widget\" data-widget_type=\"text-editor.default\">\n\t\t\t\t<div class=\"elementor-widget-container\">\n\t\t\t\t\t\t\t\t\t<h3>Benefits<\/h3><ul class=\"ul1\"><li class=\"li1\"><b>Favorise l\u2019endormissement<\/b>\u00a0: Gr\u00e2ce \u00e0 la combinaison de CBD et de m\u00e9latonine, \u00ab\u00a0Sweet Dreams\u00a0\u00bb t\u2019aide \u00e0 trouver le sommeil plus rapidement.<\/li><li class=\"li1\"><b>Am\u00e9liore la qualit\u00e9 du sommeil<\/b>\u00a0: Les ingr\u00e9dients comme la L-th\u00e9anine et le L-tryptophane agissent en synergie pour prolonger la dur\u00e9e du sommeil profond.<\/li><li class=\"li1\"><b>R\u00e9duit le stress et l\u2019anxi\u00e9t\u00e9<\/b>\u00a0: Le CBD et la vitamine B6 aident \u00e0 r\u00e9duire les tensions accumul\u00e9es tout au long de la journ\u00e9e, te pr\u00e9parant \u00e0 une nuit paisible.<\/li><li class=\"li1\"><b>R\u00e9g\u00e9n\u00e8re l\u2019organisme<\/b>\u00a0: Le zinc et la vitamine E renforcent le syst\u00e8me immunitaire et prot\u00e8gent vos cellules pour un r\u00e9veil en pleine forme.<\/li><\/ul>\t\t\t\t\t\t\t\t<\/div>\n\t\t\t\t<\/div>\n\t\t\t\t<\/div>\n\t\t<div class=\"elementor-element elementor-element-4a06c4e e-con-full e-flex e-con e-child\" data-id=\"4a06c4e\" data-element_type=\"container\" data-e-type=\"container\">\n\t\t\t\t<div class=\"elementor-element elementor-element-41a2288 elementor-widget elementor-widget-text-editor\" data-id=\"41a2288\" data-element_type=\"widget\" data-e-type=\"widget\" data-widget_type=\"text-editor.default\">\n\t\t\t\t<div class=\"elementor-widget-container\">\n\t\t\t\t\t\t\t\t\t<h3>Ingredients<\/h3><ul class=\"ul1\"><li class=\"li1\"><b>CBD<\/b><strong>:<\/strong>\u00a0Extrait de chanvre biologique, reconnu pour ses propri\u00e9t\u00e9s apaisantes et relaxantes, aidant \u00e0 r\u00e9duire le stress et l\u2019anxi\u00e9t\u00e9, pour un sommeil plus paisible.<\/li><li class=\"li1\"><b>M\u00e9latonine<\/b><strong>:<\/strong>\u00a0Hormone naturelle qui r\u00e9gule le cycle du sommeil. Elle aide \u00e0 s\u2019endormir plus rapidement et am\u00e9liore la qualit\u00e9 globale du sommeil.<\/li><li class=\"li1\"><b>Zinc<\/b><strong>:<\/strong>\u00a0Min\u00e9ral essentiel qui soutient la fonction immunitaire et participe \u00e0 la synth\u00e8se des prot\u00e9ines, favorisant ainsi un sommeil r\u00e9parateur.<\/li><li class=\"li1\"><b>Vitamine E<\/b><strong>:<\/strong>\u00a0Antioxydant puissant qui prot\u00e8ge les cellules contre le stress oxydatif, contribuant \u00e0 un bien-\u00eatre g\u00e9n\u00e9ral.<\/li><li class=\"li1\"><b>L-Tryptophane<\/b><strong>:<\/strong>\u00a0Acide amin\u00e9 essentiel pr\u00e9curseur de la s\u00e9rotonine, qui joue un r\u00f4le crucial dans la r\u00e9gulation de l\u2019humeur et du sommeil.<\/li><li class=\"li1\"><b>Vitamine B6<\/b><strong>:<\/strong>\u00a0Vitamine qui participe \u00e0 la synth\u00e8se de la m\u00e9latonine, am\u00e9liorant la qualit\u00e9 du sommeil et l\u2019humeur.<\/li><li class=\"li1\"><b>L-Th\u00e9anine<\/b><strong>:<\/strong>\u00a0Acide amin\u00e9 pr\u00e9sent dans le th\u00e9 vert, reconnu pour ses effets relaxants sans provoquer de somnolence, am\u00e9liorant la qualit\u00e9 du sommeil.<\/li><\/ul>\t\t\t\t\t\t\t\t<\/div>\n\t\t\t\t<\/div>\n\t\t\t\t<\/div>\n\t\t\t\t<\/div>\n\t\t<div class=\"elementor-element elementor-element-01d97e8 e-con-full e-flex e-con e-parent\" data-id=\"01d97e8\" data-element_type=\"container\" data-e-type=\"container\">\n\t\t\t\t<div class=\"elementor-element elementor-element-2c9e2df elementor-widget elementor-widget-image\" data-id=\"2c9e2df\" data-element_type=\"widget\" data-e-type=\"widget\" data-widget_type=\"image.default\">\n\t\t\t\t<div class=\"elementor-widget-container\">\n\t\t\t\t\t\t\t\t\t\t\t\t\t\t\t<img decoding=\"async\" width=\"2048\" height=\"1363\" src=\"https:\/\/etre-cbd.com\/wp-content\/uploads\/2025\/04\/HKV_9357-2048x1363-1.jpg\" class=\"attachment-full size-full wp-image-2732\" alt=\"\" srcset=\"https:\/\/etre-cbd.com\/wp-content\/uploads\/2025\/04\/HKV_9357-2048x1363-1.jpg 2048w, https:\/\/etre-cbd.com\/wp-content\/uploads\/2025\/04\/HKV_9357-2048x1363-1-300x200.jpg 300w, https:\/\/etre-cbd.com\/wp-content\/uploads\/2025\/04\/HKV_9357-2048x1363-1-1500x998.jpg 1500w, https:\/\/etre-cbd.com\/wp-content\/uploads\/2025\/04\/HKV_9357-2048x1363-1-768x511.jpg 768w, https:\/\/etre-cbd.com\/wp-content\/uploads\/2025\/04\/HKV_9357-2048x1363-1-1536x1022.jpg 1536w, https:\/\/etre-cbd.com\/wp-content\/uploads\/2025\/04\/HKV_9357-2048x1363-1-18x12.jpg 18w, https:\/\/etre-cbd.com\/wp-content\/uploads\/2025\/04\/HKV_9357-2048x1363-1-1000x666.jpg 1000w\" sizes=\"(max-width: 2048px) 100vw, 2048px\" \/>\t\t\t\t\t\t\t\t\t\t\t\t\t\t\t<\/div>\n\t\t\t\t<\/div>\n\t\t\t\t<\/div>\n\t\t\t\t<\/div>","protected":false},"excerpt":{"rendered":"<p>D\u00e9couvre\u00a0<b>\u00ab\u00a0Sweet Dreams\u00a0\u00bb<\/b>, les gummies au CBD con\u00e7us sp\u00e9cialement pour t\u2019offrir un sommeil profond et r\u00e9parateur.<\/p>","protected":false},"featured_media":3225,"comment_status":"open","ping_status":"closed","template":"","meta":{"_acf_changed":false},"product_brand":[],"product_cat":[16,72,64],"product_tag":[],"class_list":{"0":"post-2728","1":"product","2":"type-product","3":"status-publish","4":"has-post-thumbnail","6":"product_cat-bez-kategorii","7":"product_cat-bien-etre-beaute","8":"product_cat-sommeil","10":"first","11":"instock","12":"shipping-taxable","13":"purchasable","14":"product-type-simple"},"acf":[],"_links":{"self":[{"href":"https:\/\/etre-cbd.com\/en\/wp-json\/wp\/v2\/product\/2728","targetHints":{"allow":["GET"]}}],"collection":[{"href":"https:\/\/etre-cbd.com\/en\/wp-json\/wp\/v2\/product"}],"about":[{"href":"https:\/\/etre-cbd.com\/en\/wp-json\/wp\/v2\/types\/product"}],"replies":[{"embeddable":true,"href":"https:\/\/etre-cbd.com\/en\/wp-json\/wp\/v2\/comments?post=2728"}],"version-history":[{"count":5,"href":"https:\/\/etre-cbd.com\/en\/wp-json\/wp\/v2\/product\/2728\/revisions"}],"predecessor-version":[{"id":3184,"href":"https:\/\/etre-cbd.com\/en\/wp-json\/wp\/v2\/product\/2728\/revisions\/3184"}],"wp:featuredmedia":[{"embeddable":true,"href":"https:\/\/etre-cbd.com\/en\/wp-json\/wp\/v2\/media\/3225"}],"wp:attachment":[{"href":"https:\/\/etre-cbd.com\/en\/wp-json\/wp\/v2\/media?parent=2728"}],"wp:term":[{"taxonomy":"product_brand","embeddable":true,"href":"https:\/\/etre-cbd.com\/en\/wp-json\/wp\/v2\/product_brand?post=2728"},{"taxonomy":"product_cat","embeddable":true,"href":"https:\/\/etre-cbd.com\/en\/wp-json\/wp\/v2\/product_cat?post=2728"},{"taxonomy":"product_tag","embeddable":true,"href":"https:\/\/etre-cbd.com\/en\/wp-json\/wp\/v2\/product_tag?post=2728"}],"curies":[{"name":"wp","href":"https:\/\/api.w.org\/{rel}","templated":true}]}}